{"id":110,"date":"2021-01-19T09:31:02","date_gmt":"2021-01-19T08:31:02","guid":{"rendered":"https:\/\/www.mc40.eu\/?page_id=110"},"modified":"2021-01-19T09:33:00","modified_gmt":"2021-01-19T08:33:00","slug":"libera-universita-di-bolzano","status":"publish","type":"page","link":"https:\/\/www.mc40.eu\/index.php\/partner\/libera-universita-di-bolzano\/","title":{"rendered":"Libera Universit\u00e0 di Bolzano"},"content":{"rendered":"<p><img loading=\"lazy\" decoding=\"async\" class=\"alignnone wp-image-112\" src=\"https:\/\/www.mc40.eu\/wp-content\/uploads\/2021\/01\/Logo-Unibz-300x107.png\" alt=\"\" width=\"149\" height=\"53\" srcset=\"https:\/\/www.mc40.eu\/wp-content\/uploads\/2021\/01\/Logo-Unibz-300x107.png 300w, https:\/\/www.mc40.eu\/wp-content\/uploads\/2021\/01\/Logo-Unibz.png 376w\" sizes=\"auto, (max-width: 149px) 100vw, 149px\" \/><\/p>\n<p>La Libera Universit\u00e0 di Bolzano (UNIBZ) offre 12 corsi di laurea, 15 lauree magistrali, 2 master universitari, 1 programma di formazione continua (Studium Generale) e 6 corsi di dottorato. Peculiare \u00e8 l\u2019offerta formativa in tre lingue. Gli studenti sono oltre 4.000, il 14 % proveniente dall\u2019estero. Lo staff \u00e8 di circa 130 professori e ricercatori di cui oltre il 30 % ha una provenienza internazionale e 252 dipendenti amministrativi. Unibz si colloca sistematicamente nelle prime posizioni dei ranking nazionali (Censis, Sole24ore) e internazionali (Times Higher Education, U multirank) tra le piccole universit\u00e0.<\/p>\n<p>Unibz ha sviluppato specifiche competenze riferite all\u2019MCT allo SMART LIVING. Pertanto, il presente progetto usufruir\u00e0 di sinergie con altri progetti quali il progetto HORIZON 2020, tuttora in corso, \u201cIndustry 4.0 for SMEs \u2013 Smart Manufacturing and Logistics for SMEs in an X-to-order and Mass Customization Environment\u201d, di cui Unibz \u00e8 capo progetto. Unibz, dispone dei requisiti amministrativi, finanziari e operativi, nonch\u00e9 del know-how specialistico per poter realizzare a pieno tutte le attivit\u00e0 previste.<\/p>\n<p>Unibz ha un\u2019ampia esperienza nella gestione di progetti, essendo stata coordinatrice o partner di progetti finanziati dal MIUR (PRIN e FIRB) e dal ERDF-FESR, nonch\u00e9 di molteplici progetti di cooperazione transnazionale e internazionale, tra i quali Interreg Italia-Austria, Interreg Italia- Svizzera, Interreg Alpine Space, FP7, HORIZON 2020, LIFE e ERC\/MSCA.<\/p>\n<p>Per quanto riguarda la capacit\u00e0 operativa, Unibz, accanto a ricerca e didattica opera il trasferimento tecnologico e delle conoscenze. La collaborazione diretta tra scienza, economia e societ\u00e0 crea nuove tecnologie, prodotti e servizi; la rilevanza pratica della ricerca e dell\u2019insegnamento \u00e8 rafforzata dai progetti comuni. L\u2019attivit\u00e0 per UNIBZ comprende il dialogo continuo con il territorio e la societ\u00e0, attraverso una serie di iniziative e offerte formative per il trasferimento di cultura e innovazione.<\/p>\n","protected":false},"excerpt":{"rendered":"<p>La Libera Universit\u00e0 di Bolzano (UNIBZ) offre 12 corsi di laurea, 15 lauree magistrali, 2 master universitari, 1 programma di formazione continua (Studium Generale) e 6 corsi di dottorato. Peculiare &#8230; <a title=\"Libera Universit\u00e0 di Bolzano\" class=\"read-more\" href=\"https:\/\/www.mc40.eu\/index.php\/partner\/libera-universita-di-bolzano\/\" aria-label=\"Read more about Libera Universit\u00e0 di Bolzano\">Read more<\/a><\/p>\n","protected":false},"author":3,"featured_media":0,"parent":85,"menu_order":0,"comment_status":"closed","ping_status":"closed","template":"","meta":{"footnotes":""},"class_list":["post-110","page","type-page","status-publish"],"_links":{"self":[{"href":"https:\/\/www.mc40.eu\/index.php\/wp-json\/wp\/v2\/pages\/110","targetHints":{"allow":["GET"]}}],"collection":[{"href":"https:\/\/www.mc40.eu\/index.php\/wp-json\/wp\/v2\/pages"}],"about":[{"href":"https:\/\/www.mc40.eu\/index.php\/wp-json\/wp\/v2\/types\/page"}],"author":[{"embeddable":true,"href":"https:\/\/www.mc40.eu\/index.php\/wp-json\/wp\/v2\/users\/3"}],"replies":[{"embeddable":true,"href":"https:\/\/www.mc40.eu\/index.php\/wp-json\/wp\/v2\/comments?post=110"}],"version-history":[{"count":3,"href":"https:\/\/www.mc40.eu\/index.php\/wp-json\/wp\/v2\/pages\/110\/revisions"}],"predecessor-version":[{"id":114,"href":"https:\/\/www.mc40.eu\/index.php\/wp-json\/wp\/v2\/pages\/110\/revisions\/114"}],"up":[{"embeddable":true,"href":"https:\/\/www.mc40.eu\/index.php\/wp-json\/wp\/v2\/pages\/85"}],"wp:attachment":[{"href":"https:\/\/www.mc40.eu\/index.php\/wp-json\/wp\/v2\/media?parent=110"}],"curies":[{"name":"wp","href":"https:\/\/api.w.org\/{rel}","templated":true}]}}