{"id":115,"date":"2021-01-19T09:35:18","date_gmt":"2021-01-19T08:35:18","guid":{"rendered":"https:\/\/www.mc40.eu\/?page_id=115"},"modified":"2021-01-19T09:36:43","modified_gmt":"2021-01-19T08:36:43","slug":"universitat-klagenfurt","status":"publish","type":"page","link":"https:\/\/www.mc40.eu\/index.php\/partner\/universitat-klagenfurt\/","title":{"rendered":"Universit\u00e4t Klagenfurt"},"content":{"rendered":"<p><img loading=\"lazy\" decoding=\"async\" class=\"alignnone wp-image-117\" src=\"https:\/\/www.mc40.eu\/wp-content\/uploads\/2021\/01\/download.jpg\" alt=\"\" width=\"123\" height=\"125\" \/><\/p>\n<p>L\u2019Alpen-Adria-Universit\u00e4t Klagenfurt (AAU) offre 17 corsi di laurea, 25 programmi di master e 10 programmi di formazione per insegnanti, nonch\u00e9 cinque corsi di dottorato. Gli studenti sono oltre 11.500 con circa 1.300 laureati e 400 programmi di formazione continua completati all\u2019anno. L&#8217;AAU offre attualmente circa 50 programmi di formazione continua, costituendola una delle pi\u00f9 grandi istituzioni accademiche che offrono formazione continua in Austria. Lo staff \u00e8 di circa 1.500 dipendenti in 35 dipartimenti distribuiti nelle quattro facolt\u00e0 dell&#8217;universit\u00e0. \u00c8 un&#8217;universit\u00e0 internazionale: circa il 20% degli studenti (1.950) proviene da oltreoceano, da un totale di 100 paesi in tutto il mondo. Fin dalla sua fondazione nel 1970, l&#8217;Universit\u00e0 di Klagenfurt si \u00e8 affermata con successo come hub per l&#8217;acquisizione, lo scambio e il trasferimento di conoscenza attraverso l&#8217;intera regione Alpi-Adriatico. Insieme alle universit\u00e0 di Graz, Innsbruck, Linz, Salisburgo e Vienna, \u00e8 una delle sei universit\u00e0 statali che offre un ampio spettro di discipline.<\/p>\n<p>Risultati scientifici: le iniziative di ricerca su Energy Management &amp; Energy Technology, Sostenibilit\u00e0, Sistemi auto-organizzanti producono risultati di ricerca eccellenti. I progetti realizzati (nell\u2019ambito dei programmi nazionali, comunitari e internazionali) presso l&#8217;AAU fungono da importanti generatori di impulsi per le aziende in Carinzia. Partecipa a molti progetti di cooperazione Interreg (ad esempio TRI-ICT, SMARTLOGI, E.C.A.R.E)).<\/p>\n<p>Per quanto riguarda la capacit\u00e0 finanziaria, l\u2019Universit\u00e0 adotta un\u2019attenta gestione per aumentare significativamente l\u2019efficacia dei programmi finanziati. Pertanto. ha progettato e messo in atto una procedura basata sulle migliori pratiche, che complementano la sua capacit\u00e0 finanziaria con la capacit\u00e0 di organizzare e strutturare informazioni per prendere decisioni migliori sulla gestione del denaro all\u2019interno del finanziamento.<\/p>\n","protected":false},"excerpt":{"rendered":"<p>L\u2019Alpen-Adria-Universit\u00e4t Klagenfurt (AAU) offre 17 corsi di laurea, 25 programmi di master e 10 programmi di formazione per insegnanti, nonch\u00e9 cinque corsi di dottorato. Gli studenti sono oltre 11.500 con &#8230; <a title=\"Universit\u00e4t Klagenfurt\" class=\"read-more\" href=\"https:\/\/www.mc40.eu\/index.php\/partner\/universitat-klagenfurt\/\" aria-label=\"Read more about Universit\u00e4t Klagenfurt\">Read more<\/a><\/p>\n","protected":false},"author":3,"featured_media":0,"parent":85,"menu_order":0,"comment_status":"closed","ping_status":"closed","template":"","meta":{"footnotes":""},"class_list":["post-115","page","type-page","status-publish"],"_links":{"self":[{"href":"https:\/\/www.mc40.eu\/index.php\/wp-json\/wp\/v2\/pages\/115","targetHints":{"allow":["GET"]}}],"collection":[{"href":"https:\/\/www.mc40.eu\/index.php\/wp-json\/wp\/v2\/pages"}],"about":[{"href":"https:\/\/www.mc40.eu\/index.php\/wp-json\/wp\/v2\/types\/page"}],"author":[{"embeddable":true,"href":"https:\/\/www.mc40.eu\/index.php\/wp-json\/wp\/v2\/users\/3"}],"replies":[{"embeddable":true,"href":"https:\/\/www.mc40.eu\/index.php\/wp-json\/wp\/v2\/comments?post=115"}],"version-history":[{"count":3,"href":"https:\/\/www.mc40.eu\/index.php\/wp-json\/wp\/v2\/pages\/115\/revisions"}],"predecessor-version":[{"id":119,"href":"https:\/\/www.mc40.eu\/index.php\/wp-json\/wp\/v2\/pages\/115\/revisions\/119"}],"up":[{"embeddable":true,"href":"https:\/\/www.mc40.eu\/index.php\/wp-json\/wp\/v2\/pages\/85"}],"wp:attachment":[{"href":"https:\/\/www.mc40.eu\/index.php\/wp-json\/wp\/v2\/media?parent=115"}],"curies":[{"name":"wp","href":"https:\/\/api.w.org\/{rel}","templated":true}]}}