{"id":124,"date":"2021-01-19T09:45:54","date_gmt":"2021-01-19T08:45:54","guid":{"rendered":"https:\/\/www.mc40.eu\/?page_id=124"},"modified":"2021-01-19T09:55:17","modified_gmt":"2021-01-19T08:55:17","slug":"fondazione-centro-produttivita-veneto","status":"publish","type":"page","link":"https:\/\/www.mc40.eu\/index.php\/partner\/fondazione-centro-produttivita-veneto\/","title":{"rendered":"Fondazione Centro Produttivit\u00e0 Veneto"},"content":{"rendered":"<p><img loading=\"lazy\" decoding=\"async\" class=\"alignnone wp-image-127\" src=\"https:\/\/www.mc40.eu\/wp-content\/uploads\/2021\/01\/LOGO.CPV_-300x59.jpg\" alt=\"\" width=\"224\" height=\"44\" srcset=\"https:\/\/www.mc40.eu\/wp-content\/uploads\/2021\/01\/LOGO.CPV_-300x59.jpg 300w, https:\/\/www.mc40.eu\/wp-content\/uploads\/2021\/01\/LOGO.CPV_-1024x200.jpg 1024w, https:\/\/www.mc40.eu\/wp-content\/uploads\/2021\/01\/LOGO.CPV_-768x150.jpg 768w, https:\/\/www.mc40.eu\/wp-content\/uploads\/2021\/01\/LOGO.CPV_-1536x300.jpg 1536w, https:\/\/www.mc40.eu\/wp-content\/uploads\/2021\/01\/LOGO.CPV_.jpg 1984w\" sizes=\"auto, (max-width: 224px) 100vw, 224px\" \/><\/p>\n<p>La Fondazione Centro Produttivit\u00e0 Veneto (CPV) nasce nel 1955 come associazione di enti pubblici e privati con lo scopo di promuovere l&#8217;incremento della produttivit\u00e0 attraverso la diffusione della conoscenza delle pi\u00f9 aggiornate tecniche di organizzazione aziendale e tecnologie produttive. Promuove le seguenti attivit\u00e0:<br \/>\n&#8211; formazione: In tale ambito, possiede una vasta esperienza nella progettazione e realizzazione di interventi formativi a catalogo o finanziati rivolti a imprese, giovani, adulti, soggetti svantaggiati;<br \/>\n&#8211; ospita il Centro PATLIB (Biblioteca brevettuale ufficialmente riconosciuto dall&#8217;Ufficio Europeo dei Brevetti), \u00e8 centro di competenze sul metodo TRIZ (Innovazione Sistematica) e Kaizen;<br \/>\n&#8211; gestisce il Centro di trasferimento tecnologico TMD Demotech a Schio (VI) e il FabLab Vicenza realizzato in collaborazione con alcune associazioni di categoria del territorio.<br \/>\nDalla sua costituzione, il CPV opera con una forte vocazione transnazionale promuovendo e sostenendo la progettazione e realizzazione di iniziative finanziate nell\u2019ambito delle politiche europee di sviluppo, innovazione, formazione e cooperazione territoriale. L\u2019Ente ha maturato, dunque, una pluriennale esperienza nell\u2019ambito della progettazione europea intervenendo in qualit\u00e0 di promotore, coordinatore o di partner, in numerosi progetti settoriali.<br \/>\nPossiede, capacit\u00e0 amministrativa nella gestione di progetti europei a finanziamento diretto e a valere sui Fondi Strutturali. L\u2019Ufficio Relazioni Internazionali, dotato di 2 dipendenti a tempo pieno e di supporto amministrativo garantisce una buona capacit\u00e0 operativa in termini di quantit\u00e0 e competenze. CPV partecipa da decenni a progetti europei su diverse iniziative e programmi come ADAPT (1994-1999), Interreg Central Europe, Leonardo da Vinci, Grundtvig, Equal (2007 2013) e nella corrente programmazione Erasmus+ ed \u00e8 attualmente capofila di un Progetto Italia Austria finanziato sul primo avviso nell\u2019asse 1.<\/p>\n","protected":false},"excerpt":{"rendered":"<p>La Fondazione Centro Produttivit\u00e0 Veneto (CPV) nasce nel 1955 come associazione di enti pubblici e privati con lo scopo di promuovere l&#8217;incremento della produttivit\u00e0 attraverso la diffusione della conoscenza delle &#8230; <a title=\"Fondazione Centro Produttivit\u00e0 Veneto\" class=\"read-more\" href=\"https:\/\/www.mc40.eu\/index.php\/partner\/fondazione-centro-produttivita-veneto\/\" aria-label=\"Read more about Fondazione Centro Produttivit\u00e0 Veneto\">Read more<\/a><\/p>\n","protected":false},"author":3,"featured_media":0,"parent":85,"menu_order":0,"comment_status":"closed","ping_status":"closed","template":"","meta":{"footnotes":""},"class_list":["post-124","page","type-page","status-publish"],"_links":{"self":[{"href":"https:\/\/www.mc40.eu\/index.php\/wp-json\/wp\/v2\/pages\/124","targetHints":{"allow":["GET"]}}],"collection":[{"href":"https:\/\/www.mc40.eu\/index.php\/wp-json\/wp\/v2\/pages"}],"about":[{"href":"https:\/\/www.mc40.eu\/index.php\/wp-json\/wp\/v2\/types\/page"}],"author":[{"embeddable":true,"href":"https:\/\/www.mc40.eu\/index.php\/wp-json\/wp\/v2\/users\/3"}],"replies":[{"embeddable":true,"href":"https:\/\/www.mc40.eu\/index.php\/wp-json\/wp\/v2\/comments?post=124"}],"version-history":[{"count":3,"href":"https:\/\/www.mc40.eu\/index.php\/wp-json\/wp\/v2\/pages\/124\/revisions"}],"predecessor-version":[{"id":128,"href":"https:\/\/www.mc40.eu\/index.php\/wp-json\/wp\/v2\/pages\/124\/revisions\/128"}],"up":[{"embeddable":true,"href":"https:\/\/www.mc40.eu\/index.php\/wp-json\/wp\/v2\/pages\/85"}],"wp:attachment":[{"href":"https:\/\/www.mc40.eu\/index.php\/wp-json\/wp\/v2\/media?parent=124"}],"curies":[{"name":"wp","href":"https:\/\/api.w.org\/{rel}","templated":true}]}}