{"id":179,"date":"2021-01-19T15:45:07","date_gmt":"2021-01-19T14:45:07","guid":{"rendered":"https:\/\/www.mc40.eu\/?page_id=179"},"modified":"2023-04-13T23:55:58","modified_gmt":"2023-04-13T21:55:58","slug":"i-dea-center-di-vicenza-e-di-kalgenfurt","status":"publish","type":"page","link":"https:\/\/www.mc40.eu\/index.php\/i-dea-center-di-vicenza-e-di-kalgenfurt\/","title":{"rendered":"I DEA CENTER di Vicenza e di Klagenfurt"},"content":{"rendered":"<p><strong>I DEA Center sono centri di competenze locali<\/strong> per l&#8217;assistenza alle PMI dello smart living che vogliono migliorare la loro capacit\u00e0 di dare risposte personalizzate ai clienti ricorrendo in particolare all\u2019utilizzo del configuratore di prodotto. Detto strumento consente infatti di predefinire le opzioni di personalizzazione di un prodotto\/soluzione riducendone i costi a livello commerciale e produttivo, mantenendone la qualit\u00e0, e cos\u00ec sfruttando appieno il potenziale di creativit\u00e0 e innovativit\u00e0 di cui le PMI sono capaci e il settore ha bisogno.<\/p>\n<p><strong>Mission:<\/strong><\/p>\n<ul>\n<li>elevare il livello di conoscenza delle PMI in tema MC 4.0<\/li>\n<li>assistere le PMI nell\u2019uso di strumenti MC 4.0 per una maggior competitivit\u00e0<\/li>\n<li>aiutare le PMI ad accedere a finanziamenti per l\u2019implementazione degli strumenti MC 4.0<\/li>\n<\/ul>\n<p><strong>Piano d\u2019azione<\/strong>:<\/p>\n<p>Aggregazione di competenze in ambito MC 4.0 e il loro trasferimento alle PMI attraverso iniziative quali:<\/p>\n<p>\u25aa eventi di comunicazione (Social Media, Newsletter, Press Releases, Website)<\/p>\n<p>\u25aa dimostrazioni in presenza e a distanza alle PMI<\/p>\n<p>\u25aa training esterni e interni alle PMI<\/p>\n<p>\u25aa assistenza tecnologica e manageriale<\/p>\n<p>\u25aa sviluppo di strumenti per favorire l\u2019adozione di sistemi MC 4.0<\/p>\n<p>\u25aa information retrieval in campo MC 4.0<\/p>\n<p>\u25aa promozione e qualificazione di nuove figure professionali<\/p>\n<p>Sviluppo di un cluster locale costituito da PMI interessate e\/o gi\u00e0 coinvolte in applicazioni MC 4.0 e soggetti ricercatori\/sviluppatori\/provider di soluzioni MC 4.0<\/p>\n<p>&nbsp;<\/p>\n<h2><strong>MC 4.0 DEA CENTER Vicenza<\/strong><\/h2>\n<p><strong>Sede:<\/strong> c\/o Apindustria Vicenza &#8211; Galleria Crispi n\u00b0 45\u00a0 &#8211; Vicenza<\/p>\n<p><strong>Referente:<\/strong> dr.ssa Elena Fassa<\/p>\n<p><strong>Tel.<\/strong> 0039 0444 232210 &#8211; E-mail: <span id=\"cloak47b1a3d8a56596cdd962b2e666d871c8\"><a href=\"mailto:info@apindustria.vi.it\">info@apindustria.vi.it<\/a><\/span><\/p>\n<h2><strong>MC 4.0 DEA CENTER Klagenfurt<\/strong><\/h2>\n<p><strong>Sede:<\/strong> c\/o Energieforum K\u00e4rnten &#8211; <span class=\"color_11\">Feldkirchner Stra\u00dfe 102 &#8211; <\/span><span class=\"color_11\">9020 Klagenfurt<\/span><\/p>\n<p><strong>Referente: <\/strong>Mag. Berndt Triebel<\/p>\n<p><strong>Tel.<\/strong> 0043\/650 9278417 &#8211; E-mail: <span id=\"cloak47b1a3d8a56596cdd962b2e666d871c8\"><a href=\"mailto:info@apindustria.vi.it\">triebel@energieforumkaernten.at<\/a><\/span><\/p>\n<p>&nbsp;<\/p>\n","protected":false},"excerpt":{"rendered":"<p>I DEA Center sono centri di competenze locali per l&#8217;assistenza alle PMI dello smart living che vogliono migliorare la loro capacit\u00e0 di dare risposte personalizzate ai clienti ricorrendo in particolare &#8230; <a title=\"I DEA CENTER di Vicenza e di Klagenfurt\" class=\"read-more\" href=\"https:\/\/www.mc40.eu\/index.php\/i-dea-center-di-vicenza-e-di-kalgenfurt\/\" aria-label=\"Read more about I DEA CENTER di Vicenza e di Klagenfurt\">Read more<\/a><\/p>\n","protected":false},"author":3,"featured_media":0,"parent":0,"menu_order":6,"comment_status":"closed","ping_status":"closed","template":"","meta":{"footnotes":""},"class_list":["post-179","page","type-page","status-publish"],"_links":{"self":[{"href":"https:\/\/www.mc40.eu\/index.php\/wp-json\/wp\/v2\/pages\/179","targetHints":{"allow":["GET"]}}],"collection":[{"href":"https:\/\/www.mc40.eu\/index.php\/wp-json\/wp\/v2\/pages"}],"about":[{"href":"https:\/\/www.mc40.eu\/index.php\/wp-json\/wp\/v2\/types\/page"}],"author":[{"embeddable":true,"href":"https:\/\/www.mc40.eu\/index.php\/wp-json\/wp\/v2\/users\/3"}],"replies":[{"embeddable":true,"href":"https:\/\/www.mc40.eu\/index.php\/wp-json\/wp\/v2\/comments?post=179"}],"version-history":[{"count":5,"href":"https:\/\/www.mc40.eu\/index.php\/wp-json\/wp\/v2\/pages\/179\/revisions"}],"predecessor-version":[{"id":426,"href":"https:\/\/www.mc40.eu\/index.php\/wp-json\/wp\/v2\/pages\/179\/revisions\/426"}],"wp:attachment":[{"href":"https:\/\/www.mc40.eu\/index.php\/wp-json\/wp\/v2\/media?parent=179"}],"curies":[{"name":"wp","href":"https:\/\/api.w.org\/{rel}","templated":true}]}}