{"id":183,"date":"2021-01-19T16:50:55","date_gmt":"2021-01-19T15:50:55","guid":{"rendered":"https:\/\/www.mc40.eu\/?page_id=183"},"modified":"2021-01-19T16:50:55","modified_gmt":"2021-01-19T15:50:55","slug":"das-projekt","status":"publish","type":"page","link":"https:\/\/www.mc40.eu\/index.php\/language\/de\/das-projekt\/","title":{"rendered":"Das Projekt"},"content":{"rendered":"<p>Das PROJEKT MC 4.0 verbessert die KMU-Innovationsbasis beim SMART LIVING, um die neuen Herausforderungen der Wettbewerbsf\u00e4higkeit und der INDUSTRIE 4.0 im Programmgebiet zu meistern. Ihre F\u00e4higkeiten, die spezifischen Bed\u00fcrfnisse der Kunden zu erschwinglichem Preis (MC \u2013 Mass Customization) zu erf\u00fcllen, werden \u00fcber digitalisierte Personalisierung (4.0) gest\u00e4rkt, damit sich der Kunde an die Produktionskette der KMU n\u00e4hert. Dadurch sinken Kosten, Lieferzeiten werden k\u00fcrzer und Produktqualit\u00e4t wird gesichert. Die digitalisierte Personalisierung braucht immer leistungsf\u00e4higere Instrumente zur Produktkonfigurierung \u2013 PRODUKTKONFIGURATOREN \u2013 die Kunden und Back-Office des Unternehmens direkt und strategisch verbinden. \u00dcber 120 KMUs aus Italien und \u00d6sterreich sind direkt involviert und eine Partnerschaft wird angekn\u00fcpft, die wissenschaftliche und technologische Kenntnisse mit den KMU-Bed\u00fcrfnissen (LP, PP2, PP7) und die Industrie zusammentut.<\/p>\n<p>&nbsp;<\/p>\n<p>Die Partner:<\/p>\n<p>&#8211; entwickeln f\u00fcr KMU spezifische BEWERTUNGS- UND F\u00dcHRUNGSINSTRUMENTE zur MC 4.0;<\/p>\n<p>&#8211; planen und starten MC 4.0 DEA CENTERS, die die MC 4.0 in den einzelnen KMU mitentwickeln;<\/p>\n<p>&#8211; strukturieren und beleben KMU-CLUSTERS, die an MC 4.0 interessiert sind;<\/p>\n<p>&#8211; lancieren eine PLATTFORM MC 4.0 mit Dienstleistungen f\u00fcr die MC 4.0, inklusiv die B2C-Kommunikation; &#8211; starten ein nachhaltiges<br \/>\nGRENZ\u00dcBERSCHREITENDES MC 4.0 KOMPETENZNETZWERK f\u00fcr KMU.<\/p>\n","protected":false},"excerpt":{"rendered":"<p>Das PROJEKT MC 4.0 verbessert die KMU-Innovationsbasis beim SMART LIVING, um die neuen Herausforderungen der Wettbewerbsf\u00e4higkeit und der INDUSTRIE 4.0 im Programmgebiet zu meistern. Ihre F\u00e4higkeiten, die spezifischen Bed\u00fcrfnisse der &#8230; <a title=\"Das Projekt\" class=\"read-more\" href=\"https:\/\/www.mc40.eu\/index.php\/language\/de\/das-projekt\/\" aria-label=\"Read more about Das Projekt\">Read more<\/a><\/p>\n","protected":false},"author":3,"featured_media":0,"parent":0,"menu_order":0,"comment_status":"closed","ping_status":"closed","template":"","meta":{"footnotes":""},"class_list":["post-183","page","type-page","status-publish"],"_links":{"self":[{"href":"https:\/\/www.mc40.eu\/index.php\/wp-json\/wp\/v2\/pages\/183","targetHints":{"allow":["GET"]}}],"collection":[{"href":"https:\/\/www.mc40.eu\/index.php\/wp-json\/wp\/v2\/pages"}],"about":[{"href":"https:\/\/www.mc40.eu\/index.php\/wp-json\/wp\/v2\/types\/page"}],"author":[{"embeddable":true,"href":"https:\/\/www.mc40.eu\/index.php\/wp-json\/wp\/v2\/users\/3"}],"replies":[{"embeddable":true,"href":"https:\/\/www.mc40.eu\/index.php\/wp-json\/wp\/v2\/comments?post=183"}],"version-history":[{"count":1,"href":"https:\/\/www.mc40.eu\/index.php\/wp-json\/wp\/v2\/pages\/183\/revisions"}],"predecessor-version":[{"id":184,"href":"https:\/\/www.mc40.eu\/index.php\/wp-json\/wp\/v2\/pages\/183\/revisions\/184"}],"wp:attachment":[{"href":"https:\/\/www.mc40.eu\/index.php\/wp-json\/wp\/v2\/media?parent=183"}],"curies":[{"name":"wp","href":"https:\/\/api.w.org\/{rel}","templated":true}]}}