{"id":196,"date":"2021-01-20T09:38:23","date_gmt":"2021-01-20T08:38:23","guid":{"rendered":"https:\/\/www.mc40.eu\/?page_id=196"},"modified":"2021-01-20T09:38:23","modified_gmt":"2021-01-20T08:38:23","slug":"universitat-padova","status":"publish","type":"page","link":"https:\/\/www.mc40.eu\/index.php\/language\/de\/partner-2\/universitat-padova\/","title":{"rendered":"Universit\u00e4t Padova"},"content":{"rendered":"<p><img loading=\"lazy\" decoding=\"async\" class=\"alignnone  wp-image-100\" src=\"https:\/\/www.mc40.eu\/wp-content\/uploads\/2021\/01\/unipd-300x185.jpg\" alt=\"\" width=\"164\" height=\"101\" srcset=\"https:\/\/www.mc40.eu\/wp-content\/uploads\/2021\/01\/unipd-300x185.jpg 300w, https:\/\/www.mc40.eu\/wp-content\/uploads\/2021\/01\/unipd-768x473.jpg 768w, https:\/\/www.mc40.eu\/wp-content\/uploads\/2021\/01\/unipd.jpg 852w\" sizes=\"auto, (max-width: 164px) 100vw, 164px\" \/><\/p>\n<p>Die Universit\u00e4t Padova in Zahlen: 1222 gegr\u00fcndet, 64.000 Studenten, \u00fcber 2.200 Dozenten, fast 2.300 Verwaltungsmitarbeiter, 12.000 Absolvente\/Jahr, 32 Abteilungen, 171 Studieng\u00e4nge (Bachelor, Master), 171 Masters\/Spezialisierungen, 37 Promotionsstudieng\u00e4nge. Sie liegt immer an den ersten Pl\u00e4tzen in den italienischen Ranglisten der Lehr- und Forschungsqualit\u00e4t, der Dienstleitungen und der internationalen Forschungskooperation, dank einem inter- und multidisziplin\u00e4ren Ansatz und der Integration spezialisierter, unterschiedlicher und diversifizierter Ausbildungsbereiche.<\/p>\n<p>UNIPD nimmt am Projekt mit der Abteilung Technik und Management der Industriesysteme (DTG) von Vicenza teil, die operationell und administrativ unabh\u00e4ngig ist. DTG wurde 1990 er\u00f6ffnet, ist stark mit dem Territorium verbunden und steht an den ersten Pl\u00e4tzen unter den italienischen Abteilungen f\u00fcr Forschungsqualit\u00e4t. Mit 62 Dozenten und 18 Verwaltungsmitarbeitern organisiert DTG 2 Promotionsstudieng\u00e4nge und 3(3) Bachelor- (Master-) Abschl\u00fcsse in Wirtschaftsingenieurwesen, Mechatronik und Produktinnovation, inklusiv MCT, bildet \u00fcber 2.000 Studenten im Jahr aus, nimmt an WS und MCP-CE Konfigurationsnetzwerken teil, hat fortgeschrittene Kompetenzen \u00fcber KMU-Management, Technologietransfer, Management der technologischen und organisatorischen Innovation, hat 20 Forscher, die auf Industry 4.0, MCT, Product Configuration, Smart Living spezialisiert sind, ist Projektpartner von Interreg Central EU InnoPeer AVM und nimmt an der European Energy Research Alliance (EERA) teil.<\/p>\n<p>Durch DTG kann UNIPD die Durchf\u00fchrung der zugewiesenen T\u00e4tigkeiten organisieren und mitfinanzieren und verpflichtet sich, die geplanten Spesen bei Projektgenehmigung abzudecken. Sie stellt angemessene und hoch qualifizierte Verwaltungs- und Technikressourcen mit langj\u00e4hriger Erfahrung beim Managen von internationalen Projekten zur Verf\u00fcgung, um die Projektt\u00e4tigkeiten effizient zu managen und durchzuf\u00fchren.<\/p>\n","protected":false},"excerpt":{"rendered":"<p>Die Universit\u00e4t Padova in Zahlen: 1222 gegr\u00fcndet, 64.000 Studenten, \u00fcber 2.200 Dozenten, fast 2.300 Verwaltungsmitarbeiter, 12.000 Absolvente\/Jahr, 32 Abteilungen, 171 Studieng\u00e4nge (Bachelor, Master), 171 Masters\/Spezialisierungen, 37 Promotionsstudieng\u00e4nge. Sie liegt immer &#8230; <a title=\"Universit\u00e4t Padova\" class=\"read-more\" href=\"https:\/\/www.mc40.eu\/index.php\/language\/de\/partner-2\/universitat-padova\/\" aria-label=\"Read more about Universit\u00e4t Padova\">Read more<\/a><\/p>\n","protected":false},"author":3,"featured_media":0,"parent":185,"menu_order":0,"comment_status":"closed","ping_status":"closed","template":"","meta":{"footnotes":""},"class_list":["post-196","page","type-page","status-publish"],"_links":{"self":[{"href":"https:\/\/www.mc40.eu\/index.php\/wp-json\/wp\/v2\/pages\/196","targetHints":{"allow":["GET"]}}],"collection":[{"href":"https:\/\/www.mc40.eu\/index.php\/wp-json\/wp\/v2\/pages"}],"about":[{"href":"https:\/\/www.mc40.eu\/index.php\/wp-json\/wp\/v2\/types\/page"}],"author":[{"embeddable":true,"href":"https:\/\/www.mc40.eu\/index.php\/wp-json\/wp\/v2\/users\/3"}],"replies":[{"embeddable":true,"href":"https:\/\/www.mc40.eu\/index.php\/wp-json\/wp\/v2\/comments?post=196"}],"version-history":[{"count":1,"href":"https:\/\/www.mc40.eu\/index.php\/wp-json\/wp\/v2\/pages\/196\/revisions"}],"predecessor-version":[{"id":197,"href":"https:\/\/www.mc40.eu\/index.php\/wp-json\/wp\/v2\/pages\/196\/revisions\/197"}],"up":[{"embeddable":true,"href":"https:\/\/www.mc40.eu\/index.php\/wp-json\/wp\/v2\/pages\/185"}],"wp:attachment":[{"href":"https:\/\/www.mc40.eu\/index.php\/wp-json\/wp\/v2\/media?parent=196"}],"curies":[{"name":"wp","href":"https:\/\/api.w.org\/{rel}","templated":true}]}}