{"id":198,"date":"2021-01-20T09:40:07","date_gmt":"2021-01-20T08:40:07","guid":{"rendered":"https:\/\/www.mc40.eu\/?page_id=198"},"modified":"2021-01-20T09:50:28","modified_gmt":"2021-01-20T08:50:28","slug":"freie-universitat-bozen","status":"publish","type":"page","link":"https:\/\/www.mc40.eu\/index.php\/language\/de\/partner-2\/freie-universitat-bozen\/","title":{"rendered":"Freie Universit\u00e4t Bozen"},"content":{"rendered":"<p><img loading=\"lazy\" decoding=\"async\" class=\"alignnone  wp-image-206\" src=\"https:\/\/www.mc40.eu\/wp-content\/uploads\/2021\/01\/Logo-Unibz-1-300x107.png\" alt=\"\" width=\"233\" height=\"83\" srcset=\"https:\/\/www.mc40.eu\/wp-content\/uploads\/2021\/01\/Logo-Unibz-1-300x107.png 300w, https:\/\/www.mc40.eu\/wp-content\/uploads\/2021\/01\/Logo-Unibz-1.png 376w\" sizes=\"auto, (max-width: 233px) 100vw, 233px\" \/><\/p>\n<p>Die Freie Universit\u00e4t Bozen (unibz) bietet 12 Studieng\u00e4nge, 15 Master-Abschl\u00fcsse, 2 Master-Abschl\u00fcsse, 1 Fortbildungsprogramm und 6<br \/>\nPromotionsstudieng\u00e4nge an. Die Dreisprachigkeit in Lehre und Forschung und ein hoher Internationalisierungsgrad zeichnen sie aus. Die<br \/>\nStudenten sind \u00fcber 4.000, 14% aus dem Ausland. Der Lehrpersonal besteht aus 130 Professoren und Forschern, von denen \u00fcber 30% einen<br \/>\ninternationalen Hintergrund haben und 252 Verwaltungsangestellte. Unibz belegt sehr gute Platzierungen der nationalen (Censis, Sole24ore) und internationalen (Times Higher Education, U Multirank) Rankings unter den kleinen Universit\u00e4ten.<br \/>\nUNIBZ hat spezifische Kompetenzen bei MCT und SMART LIVING entfaltet. Dieses Projekt nutzt daher Synergien mit anderen Projekten aus, wie HORIZON 2020, das noch vorangetrieben wird, \u201cIndustry 4.0 for SMEs \u2013 Smart Manufacturing and Logistics for SMEs in an X-to-order and Mass Customization Environment\u201d, bei dem die Universit\u00e4t federf\u00fchrend auftritt.<br \/>\nUnibz entspricht den Verwaltungs-, Finanz-, operationellen und Know-How-Anforderungen, um alle geplanten T\u00e4tigkeiten vollkommen zu<br \/>\nrealisieren. UNIBZ hat eine lange Erfahrung in der Verwaltung von Projekten, da sie bei vom Forschungs- und Bildungsministerium Italiens (PRIN und FIRB) und vom EFRE gef\u00f6rderten Projekten sowie bei vielen grenz\u00fcberschreitenden und internationalen Zusammenarbeitsprojekten als Koordinatorin und Partnerin auftrat, u.a. Interreg Italien-\u00d6sterreich, Interreg Italien-Schweiz, Interreg Alpine Space, FP7, HORIZON 2020, LIFE e ERC\/MSCA.<br \/>\nIn Bezug auf die operationelle Kapazit\u00e4t ist der Technologie- und Wissenstransfer neben Forschung und Didaktik die dritte Hauptaufgabe der Unibz. Die direkte Zusammenarbeit zwischen Wissenschaft, Wirtschaft und Gesellschaft erzeugt neue Technologien, Produkte und<br \/>\nDienstleistungen. UNIBZ f\u00fchrt einen st\u00e4ndigen Dialog mit dem Territorium und der Gesellschaft durch eine Reihe von Initiativen und<br \/>\nLernangeboten zum Kultur- und Innovationstransfer.<\/p>\n","protected":false},"excerpt":{"rendered":"<p>Die Freie Universit\u00e4t Bozen (unibz) bietet 12 Studieng\u00e4nge, 15 Master-Abschl\u00fcsse, 2 Master-Abschl\u00fcsse, 1 Fortbildungsprogramm und 6 Promotionsstudieng\u00e4nge an. Die Dreisprachigkeit in Lehre und Forschung und ein hoher Internationalisierungsgrad zeichnen sie &#8230; <a title=\"Freie Universit\u00e4t Bozen\" class=\"read-more\" href=\"https:\/\/www.mc40.eu\/index.php\/language\/de\/partner-2\/freie-universitat-bozen\/\" aria-label=\"Read more about Freie Universit\u00e4t Bozen\">Read more<\/a><\/p>\n","protected":false},"author":3,"featured_media":0,"parent":185,"menu_order":0,"comment_status":"closed","ping_status":"closed","template":"","meta":{"footnotes":""},"class_list":["post-198","page","type-page","status-publish"],"_links":{"self":[{"href":"https:\/\/www.mc40.eu\/index.php\/wp-json\/wp\/v2\/pages\/198","targetHints":{"allow":["GET"]}}],"collection":[{"href":"https:\/\/www.mc40.eu\/index.php\/wp-json\/wp\/v2\/pages"}],"about":[{"href":"https:\/\/www.mc40.eu\/index.php\/wp-json\/wp\/v2\/types\/page"}],"author":[{"embeddable":true,"href":"https:\/\/www.mc40.eu\/index.php\/wp-json\/wp\/v2\/users\/3"}],"replies":[{"embeddable":true,"href":"https:\/\/www.mc40.eu\/index.php\/wp-json\/wp\/v2\/comments?post=198"}],"version-history":[{"count":3,"href":"https:\/\/www.mc40.eu\/index.php\/wp-json\/wp\/v2\/pages\/198\/revisions"}],"predecessor-version":[{"id":207,"href":"https:\/\/www.mc40.eu\/index.php\/wp-json\/wp\/v2\/pages\/198\/revisions\/207"}],"up":[{"embeddable":true,"href":"https:\/\/www.mc40.eu\/index.php\/wp-json\/wp\/v2\/pages\/185"}],"wp:attachment":[{"href":"https:\/\/www.mc40.eu\/index.php\/wp-json\/wp\/v2\/media?parent=198"}],"curies":[{"name":"wp","href":"https:\/\/api.w.org\/{rel}","templated":true}]}}