{"id":201,"date":"2021-01-20T09:43:04","date_gmt":"2021-01-20T08:43:04","guid":{"rendered":"https:\/\/www.mc40.eu\/?page_id=201"},"modified":"2021-01-20T09:45:57","modified_gmt":"2021-01-20T08:45:57","slug":"universitat-klagenfurt","status":"publish","type":"page","link":"https:\/\/www.mc40.eu\/index.php\/language\/de\/partner-2\/universitat-klagenfurt\/","title":{"rendered":"Universit\u00e4t Klagenfurt"},"content":{"rendered":"<p><img loading=\"lazy\" decoding=\"async\" class=\"alignnone  wp-image-203\" src=\"https:\/\/www.mc40.eu\/wp-content\/uploads\/2021\/01\/download-1.jpg\" alt=\"\" width=\"115\" height=\"117\" \/><\/p>\n<p>Die Alpen-Adria-Universit\u00e4t Klagenfurt (AAU) bietet 17 Lehrg\u00e4nge, 25 Masterprogramme und 10 Ausbildungsprogramme f\u00fcr Dozenten sowie 5 Promotionslehrg\u00e4nge. Die Studenten sind \u00fcber 11.500 mit etwa 1.300 Diplomierten und 400 abgeschlossenen Weiterbildungsprogrammen im Jahr. Die AAU bietet z.Z. etwa 50 Weiterbildungsprogramme und ist daher eine der gr\u00f6\u00dften akademischen Einrichtungen f\u00fcr Weiterbildung in \u00d6sterreich. Das Personal betr\u00e4gt etwa 1.500 Mitarbeiter in 35 Abteilungen der vier Fakult\u00e4ten der Universit\u00e4t.<\/p>\n<p>Es ist eine internationale Universit\u00e4t: Etwa 20% der Studierenden (1.950) stammen von \u00dcbersee aus 100 L\u00e4ndern in der ganzen Welt. Seit ihrer Gr\u00fcndung 1970 hat sich die Universit\u00e4t Klagenfurt als Hub zum Wissenserwerb, -austausch und -transfer in der ganzen Alpen-Adria-Region erfolgreich behauptet. Mit den Universit\u00e4ten Graz, Innsbruck, Linz, Salzburg und Wien ist sie eine der sechs Staatsuniversit\u00e4ten mit einer breiten Schwerpunktpalette.<\/p>\n<p>Die Forschungsarbeiten zu Energy Management &amp; Energy Technology, Nachhaltigkeit, Selbstorganisierende Systeme liefern herausragende Ergebnisse. Die bei der AAU (im Rahmen von nationalen, EU-weiten und internationalen Programmen) realisierten Projekte verleihen den Unternehmen in K\u00e4rnten gro\u00dfen Auftrieb. Die AAU nimmt an vielen Interreg-Zusammenarbeitsprojekten teil (z.B. TRI-ICT, SMARTLOGI, E.C.A.R.E).<\/p>\n<p>In Bezug auf die Finanzkapazit\u00e4t f\u00fchrt die Universit\u00e4t eine sorgf\u00e4ltige Verwaltung, um die Effizienz der gef\u00f6rderten Projekte signifikant zu steigern. Daher hat sie verbesserte Verfahren entwickelt und eingef\u00fchrt , welche die Finanzkapazit\u00e4t mit der Kompetenz erg\u00e4nzen, Informationen zu organisieren und zu strukturieren, um bestm\u00f6gliche Entscheidungen f\u00fcr den Einsatz des F\u00f6rdergeldes zu treffen.<\/p>\n","protected":false},"excerpt":{"rendered":"<p>Die Alpen-Adria-Universit\u00e4t Klagenfurt (AAU) bietet 17 Lehrg\u00e4nge, 25 Masterprogramme und 10 Ausbildungsprogramme f\u00fcr Dozenten sowie 5 Promotionslehrg\u00e4nge. Die Studenten sind \u00fcber 11.500 mit etwa 1.300 Diplomierten und 400 abgeschlossenen Weiterbildungsprogrammen &#8230; <a title=\"Universit\u00e4t Klagenfurt\" class=\"read-more\" href=\"https:\/\/www.mc40.eu\/index.php\/language\/de\/partner-2\/universitat-klagenfurt\/\" aria-label=\"Read more about Universit\u00e4t Klagenfurt\">Read more<\/a><\/p>\n","protected":false},"author":3,"featured_media":0,"parent":185,"menu_order":0,"comment_status":"closed","ping_status":"closed","template":"","meta":{"footnotes":""},"class_list":["post-201","page","type-page","status-publish"],"_links":{"self":[{"href":"https:\/\/www.mc40.eu\/index.php\/wp-json\/wp\/v2\/pages\/201","targetHints":{"allow":["GET"]}}],"collection":[{"href":"https:\/\/www.mc40.eu\/index.php\/wp-json\/wp\/v2\/pages"}],"about":[{"href":"https:\/\/www.mc40.eu\/index.php\/wp-json\/wp\/v2\/types\/page"}],"author":[{"embeddable":true,"href":"https:\/\/www.mc40.eu\/index.php\/wp-json\/wp\/v2\/users\/3"}],"replies":[{"embeddable":true,"href":"https:\/\/www.mc40.eu\/index.php\/wp-json\/wp\/v2\/comments?post=201"}],"version-history":[{"count":3,"href":"https:\/\/www.mc40.eu\/index.php\/wp-json\/wp\/v2\/pages\/201\/revisions"}],"predecessor-version":[{"id":205,"href":"https:\/\/www.mc40.eu\/index.php\/wp-json\/wp\/v2\/pages\/201\/revisions\/205"}],"up":[{"embeddable":true,"href":"https:\/\/www.mc40.eu\/index.php\/wp-json\/wp\/v2\/pages\/185"}],"wp:attachment":[{"href":"https:\/\/www.mc40.eu\/index.php\/wp-json\/wp\/v2\/media?parent=201"}],"curies":[{"name":"wp","href":"https:\/\/api.w.org\/{rel}","templated":true}]}}