{"id":208,"date":"2021-01-20T09:52:01","date_gmt":"2021-01-20T08:52:01","guid":{"rendered":"https:\/\/www.mc40.eu\/?page_id=208"},"modified":"2021-01-20T09:52:30","modified_gmt":"2021-01-20T08:52:30","slug":"apindustria-vicenza","status":"publish","type":"page","link":"https:\/\/www.mc40.eu\/index.php\/language\/de\/partner-2\/apindustria-vicenza\/","title":{"rendered":"Apindustria Vicenza"},"content":{"rendered":"<p><img loading=\"lazy\" decoding=\"async\" class=\"alignnone  wp-image-210\" src=\"https:\/\/www.mc40.eu\/wp-content\/uploads\/2021\/01\/logo-API-1-300x57.jpg\" alt=\"\" width=\"221\" height=\"42\" srcset=\"https:\/\/www.mc40.eu\/wp-content\/uploads\/2021\/01\/logo-API-1-300x57.jpg 300w, https:\/\/www.mc40.eu\/wp-content\/uploads\/2021\/01\/logo-API-1.jpg 513w\" sizes=\"auto, (max-width: 221px) 100vw, 221px\" \/><\/p>\n<p>Apindustria Vicenza (API) wurde 1974 gegr\u00fcndet, ist der Arbeitgeberverband der KMUs von Vicenza und vertritt 1000 Unternehmen, die etwa 23.000 Mitarbeiter einstellen. Die Zusammensetzung der verbundenen Unternehmen widerspiegelt die Exzellenzen und die Gegebenheiten des Territoriums. Apindustria Vicenza f\u00f6rdert und ist einer der Gr\u00fcnder von Confimi Impresa, dem \u00fcber 30 Tausend Unternehmen mit etwa 500.000 Mitarbeitern beigetreten sind. Er unterst\u00fctzt die verbundenen Unternehmen durch Gewerkschaftst\u00e4tigkeiten, eine breite Dienstleitungspalette in allen Bereichen des Unternehmensmanagements und der Arbeitskr\u00e4fteausbildung. API hat eine gute Erfahrung beim Handhaben von finanzierten Projekten: Projekt TRANSITO \u2013 EQUAL II Phase (Italien, Deutschland, Polen, Slowakei, Spanien) und vom ESF mitfinanzierte aktive Politikma\u00dfnahmen (Garanzia Giovani, Garanzia Adulti, Soziale Inklusion). API schafft eine Operationseinheit zum Planen und Managen von Europ\u00e4ischen grenz\u00fcberschreitenden Forschungs- und Entwicklungsprojekten, um eine von den KMUs von Vicenza oft in Anspruch genommene Dienstleistung anzubieten, welche in Zusammenarbeit mit CPV und externen Experten entwickelt wird. Bei der Verwaltungskapazit\u00e4t verf\u00fcgt API \u00fcber operative und administrative Ressourcen, die die Projektt\u00e4tigkeiten bei der Planung, dem Risikomanagement, dem Umgang mit der Verwaltungsbeh\u00f6rde, dem Verfolgen des Projektfortschritts, der Spesenabrechnung, der Dokumentationserstellung f\u00fcr die Bewertung koordinieren k\u00f6nnen. Bei der finanziellen Kapazit\u00e4t ist der vom Projekt beanspruchte Finanzbedarf gegen\u00fcber dem Umsatz tragbar. Die Managementkapazit\u00e4t f\u00fcr die technische Koordinierung wird vom internen qualifizierten Personal gesichert. Operativ spielt API eine wichtige Rolle bei der Sicherung der Miteinbeziehung der lokalen Unternehmen, bei der Unterst\u00fctzung w\u00e4hrend deren Teilnahme an Projektt\u00e4tigkeiten, beim Zurechthalten der MC 4.0 Plattform und beim Ausnutzen der Ergebnisse nach Projektabschluss.<\/p>\n","protected":false},"excerpt":{"rendered":"<p>Apindustria Vicenza (API) wurde 1974 gegr\u00fcndet, ist der Arbeitgeberverband der KMUs von Vicenza und vertritt 1000 Unternehmen, die etwa 23.000 Mitarbeiter einstellen. Die Zusammensetzung der verbundenen Unternehmen widerspiegelt die Exzellenzen &#8230; <a title=\"Apindustria Vicenza\" class=\"read-more\" href=\"https:\/\/www.mc40.eu\/index.php\/language\/de\/partner-2\/apindustria-vicenza\/\" aria-label=\"Read more about Apindustria Vicenza\">Read more<\/a><\/p>\n","protected":false},"author":3,"featured_media":0,"parent":185,"menu_order":0,"comment_status":"closed","ping_status":"closed","template":"","meta":{"footnotes":""},"class_list":["post-208","page","type-page","status-publish"],"_links":{"self":[{"href":"https:\/\/www.mc40.eu\/index.php\/wp-json\/wp\/v2\/pages\/208","targetHints":{"allow":["GET"]}}],"collection":[{"href":"https:\/\/www.mc40.eu\/index.php\/wp-json\/wp\/v2\/pages"}],"about":[{"href":"https:\/\/www.mc40.eu\/index.php\/wp-json\/wp\/v2\/types\/page"}],"author":[{"embeddable":true,"href":"https:\/\/www.mc40.eu\/index.php\/wp-json\/wp\/v2\/users\/3"}],"replies":[{"embeddable":true,"href":"https:\/\/www.mc40.eu\/index.php\/wp-json\/wp\/v2\/comments?post=208"}],"version-history":[{"count":2,"href":"https:\/\/www.mc40.eu\/index.php\/wp-json\/wp\/v2\/pages\/208\/revisions"}],"predecessor-version":[{"id":211,"href":"https:\/\/www.mc40.eu\/index.php\/wp-json\/wp\/v2\/pages\/208\/revisions\/211"}],"up":[{"embeddable":true,"href":"https:\/\/www.mc40.eu\/index.php\/wp-json\/wp\/v2\/pages\/185"}],"wp:attachment":[{"href":"https:\/\/www.mc40.eu\/index.php\/wp-json\/wp\/v2\/media?parent=208"}],"curies":[{"name":"wp","href":"https:\/\/api.w.org\/{rel}","templated":true}]}}