{"id":217,"date":"2021-01-20T11:00:33","date_gmt":"2021-01-20T10:00:33","guid":{"rendered":"https:\/\/www.mc40.eu\/?page_id=217"},"modified":"2021-01-20T12:34:50","modified_gmt":"2021-01-20T11:34:50","slug":"energieforum-karnten","status":"publish","type":"page","link":"https:\/\/www.mc40.eu\/index.php\/language\/de\/partner-2\/energieforum-karnten\/","title":{"rendered":"Energieforum K\u00e4rnten"},"content":{"rendered":"<p><img loading=\"lazy\" decoding=\"async\" class=\"alignnone  wp-image-219\" src=\"https:\/\/www.mc40.eu\/wp-content\/uploads\/2021\/01\/logo-Energie-Forum-1.jpg\" alt=\"\" width=\"221\" height=\"109\" \/><\/p>\n<p>Energieforum K\u00e4rnten ist ein Verband aus Menschen und Unternehmen, die in den Bereichen \u00f6kologisches Bauen und Sanieren , Erneuerbare Energien, Energiesparen, Mobilit\u00e4t und Altbausanierung bet\u00e4tigen. Energieforum K\u00e4rnten definiert sich als Plattform f\u00fcr Nachhaltigkeit, sowie als Informationsplattform mit dem Ziel der Aufkl\u00e4rung und Motivation zur Nachhaltigkeit und Kreislaufwirtschaft. Um eine m\u00f6glichst hohe Anzahl an Personen und Unternehmen zu erreichen, wird eine gro\u00dfe Anzahl an Aktivit\u00e4ten wie Marketing-Events, Messeauftritte oder Informationsveranstaltungen gesetzt.<\/p>\n<p>Energierorum K\u00e4rnten ist mit vielen Verb\u00e4nden, Organisationen f\u00fcr die Nachhaltigkeit und Bildungseinrichtungen vernetzt. Dieses Netz ist in K\u00e4rnten besonders f\u00fcr die Organisation der Nachhaltigkeitstage sehr bedeutsam.<\/p>\n<p>Unter den Projekten des Forums ist f\u00fcr dieses Projekt das \u201eK\u00e4rntenHaus 4.0\u201c von besonderer Bedeutung, ein Konzept f\u00fcr den Bau von Einfamilienh\u00e4usern, das von den Forumsexperten entwickelt wurde und auf drei Schl\u00fcsselfaktoren basiert: a) Qualit\u00e4tssicherung: Ein K\u00e4rntenHaus 4.0 ist ein Haus h\u00f6her Qualit\u00e4t, das nach den Kriterien des K\u00e4rnten Energieforums gebaut wird; b) Die teilnehmenden Unternehmen sind renommiert und durch das Energieforum K\u00e4rnten zertifiziert. Der regionale Mehrwert liegt im Fokus der Initiative: Die Unternehmen aller Bezirke K\u00e4rntens sind im Projekt miteinbezogen; c) Die Experten des Energieforums begleiten jedes Projekt w\u00e4hrend dessen Realisierung.<\/p>\n<p>Energieforum als Zentrum der Expertise f\u00fcr SMART LIVING stellt einen starken Motor f\u00fcr die Entstehung der MC DEA CENTERS in K\u00e4rnten dar sowie f\u00fcr die Verbreitung und die Nutzung der Projektergebnisse zugunsten der lokalen KMU.<\/p>\n","protected":false},"excerpt":{"rendered":"<p>Energieforum K\u00e4rnten ist ein Verband aus Menschen und Unternehmen, die in den Bereichen \u00f6kologisches Bauen und Sanieren , Erneuerbare Energien, Energiesparen, Mobilit\u00e4t und Altbausanierung bet\u00e4tigen. Energieforum K\u00e4rnten definiert sich als &#8230; <a title=\"Energieforum K\u00e4rnten\" class=\"read-more\" href=\"https:\/\/www.mc40.eu\/index.php\/language\/de\/partner-2\/energieforum-karnten\/\" aria-label=\"Read more about Energieforum K\u00e4rnten\">Read more<\/a><\/p>\n","protected":false},"author":3,"featured_media":0,"parent":185,"menu_order":0,"comment_status":"closed","ping_status":"closed","template":"","meta":{"footnotes":""},"class_list":["post-217","page","type-page","status-publish"],"_links":{"self":[{"href":"https:\/\/www.mc40.eu\/index.php\/wp-json\/wp\/v2\/pages\/217","targetHints":{"allow":["GET"]}}],"collection":[{"href":"https:\/\/www.mc40.eu\/index.php\/wp-json\/wp\/v2\/pages"}],"about":[{"href":"https:\/\/www.mc40.eu\/index.php\/wp-json\/wp\/v2\/types\/page"}],"author":[{"embeddable":true,"href":"https:\/\/www.mc40.eu\/index.php\/wp-json\/wp\/v2\/users\/3"}],"replies":[{"embeddable":true,"href":"https:\/\/www.mc40.eu\/index.php\/wp-json\/wp\/v2\/comments?post=217"}],"version-history":[{"count":2,"href":"https:\/\/www.mc40.eu\/index.php\/wp-json\/wp\/v2\/pages\/217\/revisions"}],"predecessor-version":[{"id":220,"href":"https:\/\/www.mc40.eu\/index.php\/wp-json\/wp\/v2\/pages\/217\/revisions\/220"}],"up":[{"embeddable":true,"href":"https:\/\/www.mc40.eu\/index.php\/wp-json\/wp\/v2\/pages\/185"}],"wp:attachment":[{"href":"https:\/\/www.mc40.eu\/index.php\/wp-json\/wp\/v2\/media?parent=217"}],"curies":[{"name":"wp","href":"https:\/\/api.w.org\/{rel}","templated":true}]}}