{"id":226,"date":"2021-01-20T12:53:35","date_gmt":"2021-01-20T11:53:35","guid":{"rendered":"https:\/\/www.mc40.eu\/?page_id=226"},"modified":"2021-01-20T12:53:35","modified_gmt":"2021-01-20T11:53:35","slug":"ziele","status":"publish","type":"page","link":"https:\/\/www.mc40.eu\/index.php\/language\/de\/das-projekt\/ziele\/","title":{"rendered":"Ziele"},"content":{"rendered":"<p>Das Projekt MC 4.0 zielt als Teilst\u00fcck der allgemeinen Strategie Europa 2020 auf ein intelligentes Wachstum durch Aufbau von Wissen und Innovation. Die Themen Mass Customization and Tailoring finden sich in der Untergliederung des Programms Horizon 2020 im Bereich Innovation for Manufacturing wieder, der aufzeigt, dass Europa eine strategische Verschiebung von einer kostenorientierten Konkurrenz hin zur Schaffung eines hohen Mehrwerts ben\u00f6tigt, indem die Nachfrage nach gr\u00fcneren und st\u00e4rker personalisierten Produkten angeregt wird. Dies bedeutet auf nationaler Ebene massive Anreize f\u00fcr Ma\u00dfnahmen, die Ressourcen, Kompetenzen und Investitionen im Bereich Industrie 4.0 einschlie\u00dflich Mass Customization and Tailoring erh\u00f6hen. In Italien ist der Aktionsplan Industrie 4.0 zur Unterst\u00fctzung und Beanreizung der Unternehmen, die in neue Anlageg\u00fcter und materielle und immaterielle G\u00fcter zur technologischen und digitalen Transformation der Produktionsprozesse investieren, angelaufen. In allen Regionen des grenz\u00fcberschreitenden Programms Italien \u00d6sterreich werden die KMU \u00fcber regionale Strukturfonds beanreizt, in die Industrie 4.0 zu investieren. Auch die Universit\u00e4ten engagieren sich signifikant in der Industrie 4.0. Die Universit\u00e4t Padua und 9 weitere Forschungsstellen haben ein hoch spezialisiertes Kompetenzzentrum namens SMACT zum Thema Industrie 4.0 gegr\u00fcndet, w\u00e4hrend die Universit\u00e4ten Graz und Klagenfurt ein gemeinsames R&amp;D-Programm zu diesem Thema ins Leben gerufen haben. Im Hinblick auf die makroregionale Strategie EUSALP wurde innerhalb der Action Group 2 im Rahmen des ersten strategischen Zieles zu \u201eWirtschaftlichem Wachstum und Innovation\u201c der Sektor Digital Industry unter italienischer Leitung zur Unterst\u00fctzung der Entwicklung der Industrie 4.0 hinzugef\u00fcgt. Mit ihm will das Projekt MC 4.0 signifikant interagieren<\/p>\n","protected":false},"excerpt":{"rendered":"<p>Das Projekt MC 4.0 zielt als Teilst\u00fcck der allgemeinen Strategie Europa 2020 auf ein intelligentes Wachstum durch Aufbau von Wissen und Innovation. Die Themen Mass Customization and Tailoring finden sich &#8230; <a title=\"Ziele\" class=\"read-more\" href=\"https:\/\/www.mc40.eu\/index.php\/language\/de\/das-projekt\/ziele\/\" aria-label=\"Read more about Ziele\">Read more<\/a><\/p>\n","protected":false},"author":3,"featured_media":0,"parent":183,"menu_order":0,"comment_status":"closed","ping_status":"closed","template":"","meta":{"footnotes":""},"class_list":["post-226","page","type-page","status-publish"],"_links":{"self":[{"href":"https:\/\/www.mc40.eu\/index.php\/wp-json\/wp\/v2\/pages\/226","targetHints":{"allow":["GET"]}}],"collection":[{"href":"https:\/\/www.mc40.eu\/index.php\/wp-json\/wp\/v2\/pages"}],"about":[{"href":"https:\/\/www.mc40.eu\/index.php\/wp-json\/wp\/v2\/types\/page"}],"author":[{"embeddable":true,"href":"https:\/\/www.mc40.eu\/index.php\/wp-json\/wp\/v2\/users\/3"}],"replies":[{"embeddable":true,"href":"https:\/\/www.mc40.eu\/index.php\/wp-json\/wp\/v2\/comments?post=226"}],"version-history":[{"count":1,"href":"https:\/\/www.mc40.eu\/index.php\/wp-json\/wp\/v2\/pages\/226\/revisions"}],"predecessor-version":[{"id":227,"href":"https:\/\/www.mc40.eu\/index.php\/wp-json\/wp\/v2\/pages\/226\/revisions\/227"}],"up":[{"embeddable":true,"href":"https:\/\/www.mc40.eu\/index.php\/wp-json\/wp\/v2\/pages\/183"}],"wp:attachment":[{"href":"https:\/\/www.mc40.eu\/index.php\/wp-json\/wp\/v2\/media?parent=226"}],"curies":[{"name":"wp","href":"https:\/\/api.w.org\/{rel}","templated":true}]}}