{"id":230,"date":"2021-01-20T14:15:48","date_gmt":"2021-01-20T13:15:48","guid":{"rendered":"https:\/\/www.mc40.eu\/?page_id=230"},"modified":"2023-05-11T08:32:26","modified_gmt":"2023-05-11T06:32:26","slug":"ergebnisse","status":"publish","type":"page","link":"https:\/\/www.mc40.eu\/index.php\/language\/de\/das-projekt\/ergebnisse\/","title":{"rendered":"Erwartete Ergebnisse"},"content":{"rendered":"<p>Die wichtigsten Ergebnisse des Projekts sind nachstehend aufgef\u00fchrt und geben an, ob sie bereits verf\u00fcgbar sind oder in welchem \u200b\u200bZeitraum sie umgesetzt werden. Die Ergebnisse aus Studien und Forschungsergebnissen werden im Downloadbereich zur Verf\u00fcgung gestellt, Links f\u00fcr IT-Tools stehen zur Verf\u00fcgung, Kontaktreferenzen werden f\u00fcr Organisationen bereitgestellt.<\/p>\n<h2><strong>KOMPETENZZENTREN UND ORGANISATIONSNETZWERKE\u00a0<\/strong><\/h2>\n<p><strong>MC 4.0 DEA Zentren (Demonstrations- und Anwendungszentren)<\/strong><\/p>\n<p>Verwaltet von Apindustria in Vicenza und vom Energieforum in K\u00e4rnten. Hierbei handelt es sich um Kompetenzzentren zur Unterst\u00fctzung von KMU im Bereich Smart Living, die ihre F\u00e4higkeit verbessern m\u00f6chten, Kunden personalisierte Antworten zu geben, indem sie insbesondere auf die Verwendung des Produktkonfigurators zur\u00fcckgreifen. Mit diesem Werkzeug k\u00f6nnen Sie die Anpassungsoptionen eines Produkts \/ einer L\u00f6sung vordefinieren, die Kosten auf Handels- und Produktionsebene senken, die Qualit\u00e4t beibehalten und so das Potenzial f\u00fcr Kreativit\u00e4t und Innovation, zu dem KMU in der Lage sind und das der Sektor ben\u00f6tigt, voll aussch\u00f6pfen. Die Ziele der DEA-Zentren sind:<\/p>\n<p>&#8211; den Kenntnisstand der KMU des Veneto im Programmbereich (VI, TV, BL) im MC 4.0 Thema zu erh\u00f6hen<\/p>\n<p>&#8211; KMU beim Einsatz von MC 4.0-Werkzeugen zur Steigerung der Wettbewerbsf\u00e4higkeit zu unterst\u00fctzen<\/p>\n<p>&#8211; KMU beim Zugang zu Finanzmitteln f\u00fcr die Implementierung von MC 4.0-Tools zu helfen<\/p>\n<p>Die DEA-Zentren sind Standorte, an denen der Grad der Vorbereitung von KMU auf den Einsatz fortschrittlicher MC 4.0-Konfiguratoren im SMART LIVING-Sektor bewertet und Ma\u00dfnahmen zum Kapazit\u00e4tsaufbau gef\u00f6rdert werden k\u00f6nnen, um die Beziehung des MC 4.0 DEA-ZENTRUMS zu lokalen KMU durch a zu st\u00e4rken Dienstleistungen f\u00fcr MC 4.0-Innovationen.<\/p>\n<p><strong>&#8220;CHARTA F\u00dcR DEN BETRIEB&#8221; der beiden MC 4.0-Cluster welche um die beiden DEA CENTER Vicenza und Klagenfurt entstanden sind<\/strong><\/p>\n<p>Die Formalisierung der beiden in Vicenza und Klagenfurt ans\u00e4ssigen MC 4.0 CLUSTERS durch die gemeinsame Nutzung des gleichen Cluster-Modells, wenn auch mit unterschiedlichen Charakterisierungen, ist ein wichtiger Punkt in der Entwicklung der beiden MC 4.0 DEA ZENTREN. Die Formalisierung erfolgt in Form der Definition und Verbreitung der CLUSTER BETRIEBS-CHARTA, die gemeinsam von den Mitarbeitern des DEA ZENTREN in Vicenza und Klagenfurt entwickelt wird. Diese enth\u00e4lt die Ziele und die Hauptfunktionsmodalit\u00e4ten des Clusters, sowie die ROAD-MAP, die jeder Cluster zum Zwecke der Implementation anstrebt.<\/p>\n<p><strong>Grenz\u00fcberschreitendes Netzwerks MC 4.0<\/strong><\/p>\n<p>Das formalisierte und grenz\u00fcberschreitende Netzwerk MC 4.0 zwischen MC 4.0 DEA ZENTREN und innerhalb der DEA ZENTREN und Interessenten hat das Ziel, Kenntnisse und Unternehmenschancen im Bereich MC 4.0 zu f\u00f6rdern.<\/p>\n<h2><strong>WERKZEUGE F\u00dcR DIE MASS CUSTOMIZATION\u00a0<\/strong><\/h2>\n<p><strong>Die Online-Plattform MASS CUSTOMIZATION 4.0<\/strong><\/p>\n<p>Die Plattform MASS CUSTOMIZATION 4.0, ist \u00f6ffentlich \u00fcber die Projektwebseite zug\u00e4nglich und stellt ein Austausch- und Distributionsinstrument unter den KMUs zum Thema der MASS CUSTOMIZATION dar, mit der M\u00f6glichkeit, die MC 4.0 Demonstratoren und Konfiguratoren f\u00fcr das Smart Living (Klimatisierungssystem und Hausautomation) gratis zu verwenden. Sie tr\u00e4gt auch dazu bei, Kompetenzen \u00fcber qualifizierte Wege auf Basis MC 4.0 zu verst\u00e4rken und Forscher und Experten im Bereich MC 4.0 bekannt zu machen.<\/p>\n<p><strong>2 DEMONSTRATOREN die vom italienischen Partner ROEN EST SPA bzw. vom \u00f6sterreichischen Partner Energieforum K\u00e4rnten entwickelt wurden<\/strong><\/p>\n<p>Das Instrument des DEMONSTATORS wird haupts\u00e4chlich auf Videos basieren, die auf der MC 4.0-Plattform f\u00fcr all diejenigen zur Verf\u00fcgung gestellt werden, die sich mit der Anwendung von Techniken und Methoden der Mass Customisation und des Tailoring im Kontext von Industrie 4.0 befassen.<\/p>\n<p><strong>2 KONFIGURATOREN von den Universit\u00e4ten Bozenvund Klagenfurt entwickelten<\/strong><\/p>\n<p>Die beiden Konfiguratoren &#8220;CHOOSE YOUR CLIMATE SYSTEM&#8221; und &#8220;THE DOMOTIC SYSTEM FOR YOU&#8221; sind einer der Hauptattraktionen f\u00fcr Privatanwender, die MC 4.0 PLATTFORM zu besuchen und die angebotenen Dienstleistungen zu erkunden. Mithilfe der KONFIGURATOREN k\u00f6nnen alle B\u00fcrger entsprechend seinen Wohnbed\u00fcrfnissen empfohlene L\u00f6sungen finden, sowohl im Hinblick auf KLIMATISIERUNG als auch auf die HAUSAUTOMATISIERUNG. Sie m\u00fcssen lediglich die Eigenschaften der R\u00e4ume, den gew\u00fcnschten Wohnkomfort und die Kostenspanne der gew\u00fcnschten Investition festlegen.<\/p>\n<h2><strong>WISSENBASIS<\/strong><\/h2>\n<p><strong>Vorstellung des Berichts \u00fcber die Bewertung der 120 \u00fcberpr\u00fcften Unternehmen<\/strong><\/p>\n<p>Bericht \u00fcber den Anwendungsstand von MC 4.0 bei den KMUs auf grenz\u00fcberschreitender Ebene. Der Bericht beinhaltet auch Hinweise und Empfehlungen f\u00fcr die Unternehmen, um die Kompetenz-, Technologie- und Organisationskluft zu \u00fcberwinden (vor allem auf terminologischer Ebene).<\/p>\n<p><strong>Die Leitfaden MC 4.0 f\u00fcr KMU<\/strong><\/p>\n<p>Der MC 4.0-Leitfaden in elektronischer Form ist in zwei Teile gegliedert.<\/p>\n<p>Der erste allgemeine Teil erkl\u00e4rt den MC 4.0-Ansatz, also Produkte digital, effizient, schnell anzubieten, zugeschnitten auf spezifische Kundenbed\u00fcrfnisse. Die wichtigsten MC 4.0-Hebel wie Modularit\u00e4t, Komponentenstandardisierung, usw. sind definiert. Die Schl\u00fcsselrolle von KONFIGURATOREN wird erkl\u00e4rt, einer Digitalisierungstechnologie f\u00fcr den Anpassungsprozess, die den Kunden n\u00e4her zum Unternehmen bringt. Ein \u00dcberblick \u00fcber die Verwendung von MC 4.0- Multiplikatoren bei KMU mit SMART LIVING, inkl. Konfiguratoren wird geliefert.<\/p>\n<p>Der zweite, spezialisiertere Teil, entwickelt f\u00fcr eine eingehende Evaluierung der Eignung der KMU beim Einsatz von Konfiguratoren. Die integrierte Tools-Verwendung wird vorgestellt, ein Navigator f\u00fcr einen MC 4.0-Ansatz, basierend auf Konfiguratoren.<\/p>\n<p><strong>Grenz\u00fcberschreitender Bericht \u00fcber die Eigenschaften der Konfiguratoren f\u00fcr KMU im Bereich SMART LIVING<\/strong><\/p>\n<p>Die erforderliche Wissensbasis, um konkrete Informationen zu den Eigenschaften von Konfiguratoren f\u00fcr die im Programmgebiet t\u00e4tigen SMART LIVING-KMU liefern zu k\u00f6nnen, kann durch die Abfassung eines speziellen grenz\u00fcberschreitenden Berichts hergestellt werden.<\/p>\n<p>Der Bericht ergibt sich aus der Analyse und dem Vergleich der 34 Evaluierungsberichte, die im Anschluss an die 34 Tests erstellt wurden, sowie aus der Ergebnisanalyse der 120 im Rahmen von WP3 durchgef\u00fchrten Besuche ergeben. Die bei den Vorbesuchen und Tests gesammelten Informationen werden durch wissenschaftliche Literatur und durch Meinungen von Experten auch au\u00dferhalb des Partnerkonsortiums erg\u00e4nzt.<\/p>\n<p><strong>Beschreibung der technisch-leitenden Fachprofile: USER INTERFACE EXPERT FOR CONFIGURATORS und CONFIGURATION MANAGER<\/strong><\/p>\n<p>Es werden MC 4.0-Schulungsaktivit\u00e4ten definiert und konzipiert sowie Wege zur Anerkennung spezifischer technisch-leitender\u00a0 Kompetenzen des USER INTERFACE EXPERT FOR CONFIGURATORS und CONFIGURATION MANAGER, die als echte Schl\u00fcssel f\u00fcr das Wachstum von KMU im Bereich MC 4.0 gelten. Um die Ausbildung und den Vergleich mit anderen Ausbildungssystemen zu erleichtern, werden die beruflichen Standards mit g\u00e4ngigen\u00a0 Spezifikationen explizit gemacht. Die Standards werden in Arbeitskontexten anderer Systeme verst\u00e4ndlich und anwendbar sein und die \u00dcbertragung von Ergebnissen von einem System auf ein anderes wird erleichtert.<\/p>\n","protected":false},"excerpt":{"rendered":"<p>Die wichtigsten Ergebnisse des Projekts sind nachstehend aufgef\u00fchrt und geben an, ob sie bereits verf\u00fcgbar sind oder in welchem \u200b\u200bZeitraum sie umgesetzt werden. Die Ergebnisse aus Studien und Forschungsergebnissen werden &#8230; <a title=\"Erwartete Ergebnisse\" class=\"read-more\" href=\"https:\/\/www.mc40.eu\/index.php\/language\/de\/das-projekt\/ergebnisse\/\" aria-label=\"Read more about Erwartete Ergebnisse\">Read more<\/a><\/p>\n","protected":false},"author":3,"featured_media":0,"parent":183,"menu_order":0,"comment_status":"closed","ping_status":"closed","template":"","meta":{"footnotes":""},"class_list":["post-230","page","type-page","status-publish"],"_links":{"self":[{"href":"https:\/\/www.mc40.eu\/index.php\/wp-json\/wp\/v2\/pages\/230","targetHints":{"allow":["GET"]}}],"collection":[{"href":"https:\/\/www.mc40.eu\/index.php\/wp-json\/wp\/v2\/pages"}],"about":[{"href":"https:\/\/www.mc40.eu\/index.php\/wp-json\/wp\/v2\/types\/page"}],"author":[{"embeddable":true,"href":"https:\/\/www.mc40.eu\/index.php\/wp-json\/wp\/v2\/users\/3"}],"replies":[{"embeddable":true,"href":"https:\/\/www.mc40.eu\/index.php\/wp-json\/wp\/v2\/comments?post=230"}],"version-history":[{"count":21,"href":"https:\/\/www.mc40.eu\/index.php\/wp-json\/wp\/v2\/pages\/230\/revisions"}],"predecessor-version":[{"id":628,"href":"https:\/\/www.mc40.eu\/index.php\/wp-json\/wp\/v2\/pages\/230\/revisions\/628"}],"up":[{"embeddable":true,"href":"https:\/\/www.mc40.eu\/index.php\/wp-json\/wp\/v2\/pages\/183"}],"wp:attachment":[{"href":"https:\/\/www.mc40.eu\/index.php\/wp-json\/wp\/v2\/media?parent=230"}],"curies":[{"name":"wp","href":"https:\/\/api.w.org\/{rel}","templated":true}]}}