{"id":249,"date":"2021-01-21T08:55:02","date_gmt":"2021-01-21T07:55:02","guid":{"rendered":"https:\/\/www.mc40.eu\/?page_id=249"},"modified":"2021-01-21T10:10:38","modified_gmt":"2021-01-21T09:10:38","slug":"dea-center-vicenza-aktivierung","status":"publish","type":"page","link":"https:\/\/www.mc40.eu\/index.php\/language\/de\/news-2\/dea-center-vicenza-aktivierung\/","title":{"rendered":"DEA CENTER Vicenza &#8211; Aktivierung"},"content":{"rendered":"<p><strong>Das DEA-Zentrum (Development and Application) in Vicenza<\/strong> ist das Kompetenzzentrum (MC4.0 DEA CENTER), das Unternehmen dabei unterst\u00fctzt, den Weg zur Massenanpassung einzuschlagen.<\/p>\n<p>Das DEA-Zentrum von Vicenza wird am Hauptsitz von Apindustria Confimi Vicenza aktiviert, wo eine Reihe von Spezialisten arbeiten wird, die KMU in der Region durch individuelle Beratung und Gruppenaktivit\u00e4ten unterst\u00fctzen k\u00f6nnen.<\/p>\n<p>Parallel zum DEA-Zentrum in Vicenza wird eine \u00e4hnliche Struktur in Klagenfurt und in einer zweiten Phase des Projekts drei weitere neue DEA-Zentren in Bozen in K\u00e4rnten bzw. in Friaul-Julisch Venetien errichtet.<\/p>\n<p><a href=\"http:\/\/www.tviweb.it\/nasce-a-vicenza-il-centro-di-riferimento-per-la-mass-customization-4-0\/\">DAS KOMPETENZZENTRUM F\u00dcR MASS CUSTOMIZATION 4.0 WIRD IN VICENZA GEBOREN<\/a><\/p>\n<p><img loading=\"lazy\" decoding=\"async\" class=\"alignnone size-medium wp-image-275\" src=\"https:\/\/www.mc40.eu\/wp-content\/uploads\/2021\/01\/foto-Api-UNI-e-Roenest-1-225x300.jpg\" alt=\"\" width=\"225\" height=\"300\" srcset=\"https:\/\/www.mc40.eu\/wp-content\/uploads\/2021\/01\/foto-Api-UNI-e-Roenest-1-225x300.jpg 225w, https:\/\/www.mc40.eu\/wp-content\/uploads\/2021\/01\/foto-Api-UNI-e-Roenest-1-768x1024.jpg 768w, https:\/\/www.mc40.eu\/wp-content\/uploads\/2021\/01\/foto-Api-UNI-e-Roenest-1-1152x1536.jpg 1152w, https:\/\/www.mc40.eu\/wp-content\/uploads\/2021\/01\/foto-Api-UNI-e-Roenest-1-1536x2048.jpg 1536w, https:\/\/www.mc40.eu\/wp-content\/uploads\/2021\/01\/foto-Api-UNI-e-Roenest-1-scaled.jpg 1920w\" sizes=\"auto, (max-width: 225px) 100vw, 225px\" \/><\/p>\n<p><a href=\"https:\/\/www.mc40.eu\/wp-content\/uploads\/2021\/01\/Articolo-GDV-lancio-DEA-CENTER-1.pdf\">Articolo GDV lancio DEA CENTER<\/a><\/p>\n","protected":false},"excerpt":{"rendered":"<p>Das DEA-Zentrum (Development and Application) in Vicenza ist das Kompetenzzentrum (MC4.0 DEA CENTER), das Unternehmen dabei unterst\u00fctzt, den Weg zur Massenanpassung einzuschlagen. Das DEA-Zentrum von Vicenza wird am Hauptsitz von &#8230; <a title=\"DEA CENTER Vicenza &#8211; Aktivierung\" class=\"read-more\" href=\"https:\/\/www.mc40.eu\/index.php\/language\/de\/news-2\/dea-center-vicenza-aktivierung\/\" aria-label=\"Read more about DEA CENTER Vicenza &#8211; Aktivierung\">Read more<\/a><\/p>\n","protected":false},"author":3,"featured_media":0,"parent":245,"menu_order":0,"comment_status":"closed","ping_status":"closed","template":"","meta":{"footnotes":""},"class_list":["post-249","page","type-page","status-publish"],"_links":{"self":[{"href":"https:\/\/www.mc40.eu\/index.php\/wp-json\/wp\/v2\/pages\/249","targetHints":{"allow":["GET"]}}],"collection":[{"href":"https:\/\/www.mc40.eu\/index.php\/wp-json\/wp\/v2\/pages"}],"about":[{"href":"https:\/\/www.mc40.eu\/index.php\/wp-json\/wp\/v2\/types\/page"}],"author":[{"embeddable":true,"href":"https:\/\/www.mc40.eu\/index.php\/wp-json\/wp\/v2\/users\/3"}],"replies":[{"embeddable":true,"href":"https:\/\/www.mc40.eu\/index.php\/wp-json\/wp\/v2\/comments?post=249"}],"version-history":[{"count":4,"href":"https:\/\/www.mc40.eu\/index.php\/wp-json\/wp\/v2\/pages\/249\/revisions"}],"predecessor-version":[{"id":277,"href":"https:\/\/www.mc40.eu\/index.php\/wp-json\/wp\/v2\/pages\/249\/revisions\/277"}],"up":[{"embeddable":true,"href":"https:\/\/www.mc40.eu\/index.php\/wp-json\/wp\/v2\/pages\/245"}],"wp:attachment":[{"href":"https:\/\/www.mc40.eu\/index.php\/wp-json\/wp\/v2\/media?parent=249"}],"curies":[{"name":"wp","href":"https:\/\/api.w.org\/{rel}","templated":true}]}}