{"id":422,"date":"2023-04-13T23:36:29","date_gmt":"2023-04-13T21:36:29","guid":{"rendered":"https:\/\/www.mc40.eu\/?page_id=422"},"modified":"2023-05-15T19:20:21","modified_gmt":"2023-05-15T17:20:21","slug":"risultati","status":"publish","type":"page","link":"https:\/\/www.mc40.eu\/index.php\/risultati\/","title":{"rendered":"Risultati"},"content":{"rendered":"<p>I risultati del progetto sono qui presentati per work package (WP) e per milestone (M) in modo da renderne organica e comprensibile l\u2019illustrazione. I risultati sono riportati nella forma di link a documenti, video e pagine web cos\u00ec da consentire, anche a chi viene in contatto con il progetto per la prima volta, di capire che cosa \u00e8 stato fatto e di fruire dei risultati.<\/p>\n<p><strong>COMUNICAZIONE (WP2)<\/strong><\/p>\n<p>Questo WP ha perseguito l\u2019obiettivo di informare, sensibilizzare e coinvolgere gli attori rilevanti nei territori target sulle tematiche e sulle attivit\u00e0 del progetto. I risultati ottenuti sono riportati qui sotto.<\/p>\n<p><strong>Materiale informativo sul progetto e sui suoi risultati finali <\/strong><strong>\u2013 M2.1.<\/strong> Durante il progetto oltre al <a href=\"https:\/\/www.mc40.eu\/\">sito web di progetto<\/a> \u00e8 stato realizzato ed utilizzato anche materiale vario di comunicazione per l\u2019informazione e la sensibilizzazione sul progetto MC 4.0 (<a href=\"https:\/\/www.mc40.eu\/wp-content\/uploads\/2023\/04\/poster_interreg1.pdf\">poster<\/a>, <a href=\"https:\/\/www.mc40.eu\/wp-content\/uploads\/2023\/04\/TEMPLATE-ROLL-UP_1000-1079-MassCustomization.pdf\">roll up<\/a>, <a href=\"https:\/\/www.mc40.eu\/wp-content\/uploads\/2023\/04\/Flyer_MC4.0-ipotesi1.pdf\">flyer di presentazione<\/a>, <a href=\"https:\/\/www.mc40.eu\/wp-content\/uploads\/2023\/04\/Folder_MC4.0-1.pdf\" rel=\"noopener\">cartellina<\/a>) e documenti sui suoi risultati finali complessivi (<a href=\"https:\/\/www.mc40.eu\/wp-content\/uploads\/2023\/04\/220509_folder_ITALIANO.pdf\">brochure finale<\/a>, <a href=\"https:\/\/www.mc40.eu\/wp-content\/uploads\/2023\/04\/220509_infoGRAPHIC_ITALIANO.pdf\">infografica<\/a>, <a href=\"https:\/\/www.mc40.eu\/wp-content\/uploads\/2023\/04\/Pubblicazione-finale.pdf\">pubblicazione finale<\/a> anche <a href=\"https:\/\/www.mc40.eu\/wp-content\/uploads\/2023\/04\/Final-Publication.pdf\">in inglese<\/a>).<strong><br \/>\n<\/strong><\/p>\n<p><strong>Lancio e pubblicizzazione dei due centri MC 4.0 DEA CENTER (DEmonstration and Application Center) pilota di Vicenza e Klagenfurt ai territori di progetto \u2013 M2.2.<\/strong> All\u2019inizio del progetto sono stati attivati i DEA CENTER pilota di Vicenza e Klagenfurt finalizzati a costruire e diffondere capacit\u00e0 MC 4.0. Sin da subito sono stati comunicati nel sito web di progetto <a href=\"https:\/\/www.mc40.eu\/index.php\/i-dea-center-di-vicenza-e-di-kalgenfurt\/\">gli obiettivi e le caratteristiche<\/a> di questi DEA CENTER. Una presentazione dettagliata \u00e8 stata fornita anche nel <a href=\"https:\/\/www.mc40.eu\/wp-content\/uploads\/2023\/04\/200624-Comunicato-11-Progetto-Mass-customization-4.0-ok.pdf\">comunicato stampa<\/a> rilasciato in occasione del lancio del centro di Vicenza. Questi centri, cos\u00ec come le loro replicazioni, sono attualmente <a href=\"https:\/\/it.mc40-platform.eu\/dea-center\">accessibili online attraverso la piattaforma MC 4.0<\/a>.<\/p>\n<p><strong>Presentazione del Rapporto sullo stato di applicazione MC 4.0 presso le PMI a livello transfrontaliero \u2013 M2.3.<\/strong> Al progetto hanno partecipato 120 imprese che hanno compilato un questionario fornendo i dati sullo stato MC 4.0 aziendale. Questi dati sono stati via via analizzati nel corso il progetto. Una loro prima comunicazione \u00e8 avvenuta in occasione della <a href=\"https:\/\/www.mc40.eu\/wp-content\/uploads\/2023\/04\/Agenda-International-Conference-201021.pdf\">conferenza internazionale tenutasi online il 21 ottobre 2020<\/a> (organizzata con due sessioni in parallelo, <a href=\"https:\/\/www.mc40.eu\/wp-content\/uploads\/2023\/04\/Presentazioni-ITA-21-10-2020.zip\">una in italiano<\/a> e <a href=\"https:\/\/www.mc40.eu\/wp-content\/uploads\/2023\/04\/Digitalization_Mass-Customization-Austria_final_deutsch.pdf\">una in tedesco<\/a>, e una successiva <a href=\"https:\/\/www.mc40.eu\/wp-content\/uploads\/2023\/04\/International-Conference-1.pdf\">sessione plenaria in inglese<\/a>). Successivamente \u00e8 stato elaborato il <a href=\"https:\/\/www.mc40.eu\/wp-content\/uploads\/2023\/04\/MC-4.0-Cross-border-report-IT-MS-2-3.pdf\">rapporto sullo stato di applicazione MC 4.0 presso le PMI a livello transfrontaliero<\/a> che contiene anche indicazioni utili alle aziende per superare i gap di competenze MC 4.0. Questo rapporto \u00e8 stato diffuso e valorizzato a livello mediatico con una <a href=\"https:\/\/www.mc40.eu\/wp-content\/uploads\/2023\/04\/Conferenza-MC-4.0-03-02-2022.zip\">conferenza ad hoc tenutasi online il 3 febbraio 2022<\/a>.<\/p>\n<p><strong>Promozione dei due Cluster sorti attorno ai due MC DEA CENTER pilota e loro replicazioni \u2013 M2.4.<\/strong> Dopo la costituzione dei DEA CENTER e la profilatura iniziale delle aziende, il progetto ha cominciato a promuovere i summenzionati centri e cluster in ogni occasione d\u2019interazione con le aziende e i territori. Un\u2019importante promozione \u00e8 stata fatta anche in occasione della <a href=\"https:\/\/www.mc40.eu\/wp-content\/uploads\/2023\/05\/Conferenza-finale-di-progetto-MC-4.0-materiale.zip\">conferenza finale del progetto<\/a>. Le aziende italiane e austriache che hanno aderito al cluster sono elencate assieme nella piattaforma MC 4.0 nella sezione <a href=\"https:\/\/it.mc40-platform.eu\/cluster-companies\">imprese del cluster MC 4.0<\/a> e sono presentate come un cluster unico in uno spirito di apertura e condivisione transfrontaliera. Con lo stesso spirito nella piattaforma, il cui accesso \u00e8 open, le aziende interessate possono contattare liberamente le aziende del cluster, chiedere di essere aggiunte, trovare <a href=\"https:\/\/it.mc40-platform.eu\/experts\">esperti<\/a> che le possono supportare in un percorso MC 4.0, verificare se vi sono <a href=\"https:\/\/it.mc40-platform.eu\/funding\">opportunit\u00e0 di finanziamento per iniziative MC 4.0<\/a>.<\/p>\n<p><strong>Lancio della piattaforma MASS CUSTOMIZATION 4.0 \u2013 M2.5.<\/strong> La <a href=\"https:\/\/it.mc40-platform.eu\/\">piattaforma MC 4.0<\/a>, supporto essenziale per i MC 4.0 DEA CENTER e per i cluster sorti attorno a tali centri, \u00e8 stata presentata in una <a href=\"https:\/\/www.mc40.eu\/wp-content\/uploads\/2023\/04\/APINDUSTRIA_servizio_televisivo.mp4\">conferenza stampa<\/a> organizzata da Apindustria in Italia e in eventi ad hoc organizzati dall\u2019Universit\u00e0 di Klagenfurt in Austria. La piattaforma rappresenta uno strumento di scambio e condivisione tra le PMI sul tema della Mass Customization.<\/p>\n<p><strong>Lancio della rete transfrontaliera MC 4.0 \u2013 M2.6.<\/strong> Il network transfrontaliero MC 4.0 Italia-Austria, avente lo scopo di sviluppare conoscenze ed opportunit\u00e0 imprenditoriali, si \u00e8 via via sviluppato con l\u2019implementazione del progetto. Tale network, promosso anche in occasione dei focus group, \u00e8 stato formalmente lanciato in occasione della <a href=\"https:\/\/www.mc40.eu\/wp-content\/uploads\/2023\/05\/Conferenza-finale-di-progetto-MC-4.0-materiale.zip\">conferenza finale<\/a> del progetto.<\/p>\n<p><strong>Focus group con esperti.<\/strong> I partner hanno individuato esperti in diversi ambiti legati alla mass customization e all\u2019industry 4.0 nella filiera del living disposti a condividere la loro conoscenza e a confrontarsi su specifiche tematiche. Con questi esperti i partner di progetto hanno organizzato quattro focus group, ovvero quattro momenti di confronto collettivo, approfondimento, individuazione di nuovi trend e criticit\u00e0 per le PMI, focalizzati sui seguenti argomenti: (1) <a href=\"https:\/\/www.mc40.eu\/wp-content\/uploads\/2023\/04\/OD-2.3.2-FG1-MC4.0-Focus-Group-1-Risultati-ITA_01.pdf\">Tendenze globali nella personalizzazione di massa e nella trasformazione digitale (Industria 4.0)<\/a>, (2) <a href=\"https:\/\/www.mc40.eu\/wp-content\/uploads\/2023\/04\/OD-2.3.2-FG2-MC4.0-Focus-Group-2-Risultati-ITA_01.pdf\">Migliorarsi nella gestione della personalizzazione: Trend, opportunit\u00e0 e minacce per le PMI venete<\/a>, (3) <a href=\"https:\/\/www.mc40.eu\/wp-content\/uploads\/2023\/04\/FG3_risultati_ITA_01.pdf\">Mass customization in sustainable buildings: progettare le prestazioni nella nuova industria edilizia<\/a>, (4) <a href=\"https:\/\/www.mc40.eu\/wp-content\/uploads\/2023\/04\/Fokusgruppe-Domotica_it_01.pdf\">Nuovi sviluppi nella domotica: la casa privata<\/a>. Una sintesi dei risultati \u00e8 riportata nella sezione <a href=\"https:\/\/it.mc40-platform.eu\/insights-field\">prospettive dai focus group<\/a> della piattaforma MC 4.0.<\/p>\n<p><strong>Condivisione dei risultati in ambito scientifico.<\/strong> I risultati del progetto sono stati condivisi con reti di ricercatori focalizzate rispettivamente sulla Mass Customization e sui Configuratori. Nel <a href=\"http:\/\/confws20.ist.tugraz.at\/ConfigurationWorkshop2020\/\">22nd International Configuration Workshop 2020<\/a> sono stati discussi e riportati nei <a href=\"https:\/\/www.mc40.eu\/wp-content\/uploads\/2023\/04\/Cover_proceedings-cws-2020.pdf\">proceedings<\/a> due paper: (1) <a href=\"https:\/\/www.mc40.eu\/wp-content\/uploads\/2023\/04\/1-Product-Configuration-Activities-in-SMEs-and-their-Digitalization-Preliminary-Preliminary-Results-of-a-Survey-Study.pdf\">Product Configuration Activities in SMEs and their Digitalization: Preliminary Results of a Survey Study<\/a>, (2) <a href=\"https:\/\/www.mc40.eu\/wp-content\/uploads\/2023\/04\/2-Configuration-and-Mass-Customization-of-Domotics-to-support-SMEs-and-their-Customers.pdf\">Configuration and Mass Customization of Domotics to support SMEs and their Customers<\/a>. Nella conferenza <a href=\"https:\/\/mcp-ce.org\/mcp-ce-2020-2\/\">9th on Mass Customization and Personalization \u2013 Community of Europe (MCP\u2013CE 2020)<\/a> si \u00e8 tenuto un key note speech intitolato (3) <a href=\"https:\/\/mcp-ce.org\/mcp-ce-2020-2\/\">The Roen Est Tale: A Configurator for Tailor Made Products as Responsiveness Accelerator and Organization Growth Agent<\/a>. Nel <a href=\"https:\/\/confws22.ist.tugraz.at\/\">Configuration Workshop 2022<\/a> sono stati discussi e inclusi nei <a href=\"https:\/\/www.mc40.eu\/wp-content\/uploads\/2023\/04\/Front-matter-CWS-2022.pdf\">proceedings<\/a> i seguenti paper: (4) <a href=\"https:\/\/www.mc40.eu\/wp-content\/uploads\/2023\/04\/4-Configuration-Manager-Describing-an-Emerging-Professional-Figure.pdf\">Configuration Manager: Describing an Emerging Professional Figure<\/a>, (5) <a href=\"https:\/\/www.mc40.eu\/wp-content\/uploads\/2023\/04\/5-Configuration-of-Domotic-Systems-based-on-Constraint-Solving.pdf\">Configuration of Domotic Systems based on Constraint Solving<\/a>. Infine, nella conferenza <a href=\"https:\/\/mcp-ce.org\/mcp-ce-2022\/\">MCP-CE 2022<\/a> oltre al key note speech di Martin Stettinger intitolato (6) <a href=\"https:\/\/mcp-ce.org\/mcp-ce-2022\/\">Bridging the gap between smart home solutions and consumer needs<\/a>, sono stati discussi e inclusi nei <a href=\"https:\/\/www.mc40.eu\/wp-content\/uploads\/2023\/04\/Front-proceedings-MCP-CE-2022.pdf\">proceedings<\/a> i seguenti paper: (7) <a href=\"https:\/\/www.mc40.eu\/wp-content\/uploads\/2023\/04\/7-Mass-Customization-4.0-\u2013-Insights-from-Specific-Angles.pdf\">Mass Customization 4.0 \u2013 Insights from Specific Angles<\/a>, (8) <a href=\"https:\/\/www.mc40.eu\/wp-content\/uploads\/2023\/04\/8-Product-Configuration-in-SMEs-Go-Digital.pdf\">Product Configuration in SMEs: Go Digital?<\/a><\/p>\n<p><strong>ATTIVAZIONE MC 4.0 DEA CENTER PILOTA E SVILUPPO STRUMENTI DI VALUTAZIONE MC 4.0 (WP3)<\/strong><\/p>\n<p>Questo WP \u00e8 stato dedicato alla definizione e attivazione di due MC 4.0 DEA center pilota e alla predisposizione di strumenti e procedure per valutare il livello di preparazione delle PMI all\u2019uso di configuratori in ottica industry 4.0. I risultati ottenuti sono riportati qui sotto.<\/p>\n<p><strong>Costituzione dei MC 4.0 DEA Center di KL e VI \u2013 M3.1.<\/strong> I <a href=\"https:\/\/www.mc40.eu\/index.php\/partner\/\">partner<\/a> Apindustria Vicenza, Fondazione Centro Produttivit\u00e0 Veneto e Universit\u00e0 degli Studi di Padova hanno sottoscritto e <a href=\"https:\/\/www.mc40.eu\/wp-content\/uploads\/2023\/04\/200624-Comunicato-11-Progetto-Mass-customization-4.0-ok-1.pdf\">comunicato al territorio<\/a> l\u2019attivazione del DEA center pilota di Vicenza. I <a href=\"https:\/\/www.mc40.eu\/index.php\/partner\/\">partner<\/a> Energieforum, Universit\u00e0 di Klagenfurt e SelectionArts Intelligent Decision Technologies hanno sottoscritto e comunicato al territorio l\u2019attivazione del DEA center pilota di Klagenfurt. Nella piattaforma MC 4.0 vengono riportati <a href=\"https:\/\/it.mc40-platform.eu\/dea-center\">missione e programma di attivit\u00e0<\/a>.<\/p>\n<p><strong>Coinvolgimento 120 aziende per valutazione stato MC 4.0 e formazione di due campioni per test strumenti di analisi approfondita &#8211; M3.2.<\/strong> Con l\u2019inizio delle attivit\u00e0 dei due DEA center le aziende sul territorio sono state invitate a partecipare al progetto con un invito aperto a tutte (via <a href=\"https:\/\/www.mc40.eu\/wp-content\/uploads\/2023\/04\/Esempio-email-invito.pdf\">email<\/a>, <a href=\"https:\/\/www.mc40.eu\/wp-content\/uploads\/2023\/04\/200624-Comunicato-11-Progetto-Mass-customization-4.0-ok-2.pdf\">comunicati stampa<\/a>, <a href=\"https:\/\/youtu.be\/XrZjtWy2MYc?t=1132\">video<\/a>). Hanno manifestato interesse pi\u00f9 di 120 aziende e tutte sono state tutte contattate. Alle 120 che hanno deciso di proseguire \u00e8 stato sottoposto il <a href=\"https:\/\/www.mc40.eu\/wp-content\/uploads\/2023\/04\/MC-4.0-AT1-TED_ITA-ver-4.pdf\">questionario (AT1)<\/a> per l\u2019autovalutazione guidata sul livello di preparazione all\u2019uso di configuratori in ottica industry 4.0. Sulla base dei risultati dei questionari e dell\u2019interesse delle aziende sono stati selezionati due campioni di aziende (uno italiano di 26 aziende e uno austriaco di 8 aziende) che si sono impegnate a partecipare alle fasi successive con lo\u00a0<a href=\"https:\/\/www.mc40.eu\/wp-content\/uploads\/2023\/05\/AT2-IT.zip\">strumento AT2<\/a> per individuare percorsi di miglioramento MC 4.0. L\u2019attivit\u00e0 con queste aziende \u00e8 iniziata con dei meeting preparatori (vedi successivo M4.1) .<\/p>\n<p><strong>Distribuzione della guida MC 4.0 alle 120 PMI \u2013 M3.3.<\/strong> Alle aziende che hanno partecipato al progetto \u00e8 stata inviata la <a href=\"https:\/\/www.mc40.eu\/wp-content\/uploads\/2023\/04\/Guida-MC-4.0-2.pdf\">guida MC 4.0 (AT3)<\/a> che consta di una prima parte pi\u00f9 generale, spedita a tutte le aziende che hanno partecipato alla valutazione preliminare con lo strumento AT1, e di una seconda parte pi\u00f9 specialistica, spedita ai due campioni di aziende che hanno partecipato alla fase di valutazione approfondita con lo strumento AT2.<\/p>\n<p><strong>VERIFICA STRUMENTI DI VALUTAZIONE MC 4.0 E CARATTERIZZAZIONE DEI CONFIGURATORI PER LO SMART LIVING (WP4)<\/strong><\/p>\n<p>Questo WP \u00e8 stato incentrato sulla verifica degli strumenti AT2 e sull\u2019analisi delle caratteristiche dei configuratori pi\u00f9 idonee per il settore smart living. I risultati ottenuti sono riportati qui sotto.<\/p>\n<p><strong>Test degli strumenti di valutazione approfondita e guida \u2013 M4.1.<\/strong> Gli strumenti AT2 sono stati testati in 34 aziende. Prima di effettuare i test queste aziende hanno partecipato a dei training preparatori erogati con l\u2019ausilio di <a href=\"https:\/\/www.mc40.eu\/wp-content\/uploads\/2023\/04\/MC-4.0-Second-phase-training-finale.pdf\">materiale di supporto<\/a>\u00a0sviluppato ad hoc. L\u2019efficacia degli strumenti sviluppati (<a href=\"https:\/\/www.mc40.eu\/wp-content\/uploads\/2023\/05\/AT2-IT.zip\">AT2.1, AT2.2<\/a>, <a href=\"https:\/\/www.mc40.eu\/wp-content\/uploads\/2023\/04\/Guida-MC-4.0-2.pdf\">AT3<\/a>) per aiutare le PMI a valutare in modo approfondito la loro situazione MC 4.0 e per guidarle nella definizione di un percorso di miglioramento fattibile si \u00e8 concluso con la redazione di un <a href=\"https:\/\/www.mc40.eu\/wp-content\/uploads\/2023\/04\/Evaluation-Report-of-AT1-AT2-and-AT3.pdf\">rapporto finale di test a livello transfrontaliero<\/a>.<\/p>\n<p><strong>Report transfrontaliero sulle caratteristiche da ricercare nei configuratori per le PMI del settore smart living<\/strong><strong> \u2013 M4.2.<\/strong> La redazione di questo <a href=\"https:\/\/www.mc40.eu\/wp-content\/uploads\/2023\/04\/Cross-Border-Report-Configuration-IT-MS-4-2.pdf\">report transfrontaliero<\/a> si \u00e8 basata sull\u2019analisi dei dati raccolti con l\u2019AT1 applicato su 120 PMI, sui rapporti di valutazione stilati in seguito all\u2019applicazione di AT2 per la definizione di percorsi di miglioramento MC 4.0 in 34 PMI, sull\u2019analisi comparativa di siti web di configurazione del settore living e sul confronto con esperti accademici e aziendali.<\/p>\n<p><strong>COSTRUZIONE DI CAPACIT\u00c0 MC 4.0 (WP5)<\/strong><\/p>\n<p>Questo WP ha attuato azioni di capacity building per rafforzare il rapporto dei MC 4.0 DEA CENTER con le PMI del tessuto locale attraverso il rilascio di una piattaforma MC 4.0. I risultati ottenuti sono riportati qui sotto.<\/p>\n<p><strong>Progettazione di due figure tecnico-manageriali chiave per la crescita delle PMI in ambito MC 4.0 \u2013 M5.1.<\/strong> L\u2019MC 4.0 \u00e8 un approccio gestionale complesso che richiede competenze variegate e specifiche che toccano trasversalmente pi\u00f9 funzioni aziendali quali area tecnica, commerciale, produttiva, marketing, logistica, gestione del personale, controllo di gestione e informatica. Per aiutare il territorio a creare le competenze necessarie, i partner di progetto hanno definito assieme le figure di <a href=\"https:\/\/www.mc40.eu\/wp-content\/uploads\/2023\/04\/OD-5.2-35-Conf-Man-std-descriptors-ITA-vers-3.pdf\">Configuration Manager<\/a> e <a href=\"https:\/\/www.mc40.eu\/wp-content\/uploads\/2023\/04\/OD-5.2-25-UI-Expert-for-Confs-std-descriptors-IT.pdf\">User Interface Expert For Configurators<\/a>.<\/p>\n<p><strong>Dimostratori sulle potenzialit\u00e0 dei configuratori per le PMI in ambito smart living \u2013 M5.2.<\/strong> Nell\u2019ambito del progetto stati sviluppati e messi a disposizione delle PMI sulla piattaforma MC 4.0 due dimostratori: (1) un <a href=\"https:\/\/it.mc40-platform.eu\/demonstration-of-configurators\">dimostratore di configuratore business to business<\/a> relativo alla definizione commerciale e sviluppo tecnico di un componente a monte nella filiera del living (uno scambiatore di calore da utilizzarsi ad esempio in un condizionatore) e (2) un <a href=\"https:\/\/it.mc40-platform.eu\/demonstration-of-configurators\">dimostratore di configuratore business to consumer<\/a> che consente di definire la configurazione domotica di un\u2019abitazione. Entrambi i dimostratori sono stati sottoposti a test e sono disponibili nella piattaforma MC 4.0.<\/p>\n<p><strong>Configuratori per supportare scelte di smart living \u2013 M5.4.<\/strong> Due configuratori sono stati sviluppati e messi a disposizione sulla piattaforma MC 4.0 per gli attori che operano alla fine della filiera dello smart living. I due configuratori sono denominati rispettivamente <a href=\"https:\/\/it.mc40-platform.eu\/climate-and-domotic-systems\">progetta il tuo sistema di climatizzazione<\/a> e <a href=\"https:\/\/it.mc40-platform.eu\/domotic-systems\">progetta il tuo sistema domotico<\/a>.<\/p>\n<p><strong>Realizzazione di una piattaforma MC 4.0 aperta e sostenibile \u2013 M5.3.<\/strong> I partner del progetto hanno realizzato assieme la <a href=\"https:\/\/it.mc40-platform.eu\/\">piattaforma MC 4.0<\/a> che rende accessibili alle PMI dei territori target, senza limitazioni all\u2019accesso, i servizi dei DEA CENTER, i cluster e conoscenza specialistica MC 4.0. I partner hanno sottoscritto un protocollo di intenti che ne garantisce la sostenibilit\u00e0 nel tempo. La piattaforma \u00e8 un risultato di assoluto rilievo del progetto ed \u00e8 stata progettata per raccogliere e mettere a disposizione i risultati del progetto coniugando contenuti professionali ed efficacia divulgativa. Inoltre \u00e8 uno strumento open in quanto \u00e8 fruibile da chiunque, \u00e8 un punto di accesso ai servizi MC 4.0 e parla ad utenti con livelli diversi di interesse e preparazione sull\u2019MC 4.0.<\/p>\n<p><strong>ALLARGAMENTO DELLA RETE DEI MC 4.0 DEA CENTER E VALORIZZAZIONE DEL NETWORK DELLE COMPETENZE MC 4.0 (WP6)<\/strong><\/p>\n<p>Quest\u2019ultimo WP \u00e8 stato dedicato all\u2019allargamento della rete dei MC 4.0 DEA CENTER e alla valorizzazione del network delle competenze MC 4.0. I risultati ottenuti sono riportati qui sotto.<\/p>\n<p><strong>Replicazione dei MC 4.0 DEA CENTER \u2013 M6.1.<\/strong> Con la fine del progetto i due centri pilota MC 4.0 di <a href=\"https:\/\/it.mc40-platform.eu\/dea-center\">Vicenza e Klagenfurt, attivati all\u2019inizio del progetto, sono stati replicati a Bolzano, Pordenone e Villach<\/a>. Ci\u00f2 \u00e8 avvenuto sulla base di tre studi di fattibilit\u00e0, che si sono conclusi con esito positivo, e che si sono basati sul <a href=\"https:\/\/www.mc40.eu\/wp-content\/uploads\/2023\/04\/Piano-di-trasferimento-WP6.pdf\">piano di trasferimento<\/a> di competenze tecniche e organizzative necessarie alla costituzione di un DEA CENTER e sulla carta di funzionamento dei due DEA CENTER pilota di Vicenza e Klagenfurt.<\/p>\n<p><strong>Carta di funzionamento dei DEA CENTER pilota e relativi cluster \u2013 M6.2.<\/strong> I centri pilota di Vicenza e Klagenfurt hanno condiviso le modalit\u00e0 operative nonch\u00e9 il modello di cluster. Il tutto \u00e8 stato formalizzato in una <a href=\"https:\/\/www.mc40.eu\/wp-content\/uploads\/2023\/04\/Carta-di-funzionamento-WP6.pdf\">carta di funzionamento<\/a> che \u00e8 diventata un punto di riferimento per la replicazione di MC 4.0 DEA center e per l\u2019ampliamento della rete transfrontaliera di competenze MC 4.0.<\/p>\n<p><strong>Allargamento della rete transfrontaliera di competenze MC 4.0 \u2013 M6.3.<\/strong> Con la <a href=\"https:\/\/it.mc40-platform.eu\/dea-center\">replicazione dei DEA CENTER<\/a> la rete transfrontaliera di competenze si \u00e8 arricchita arrivando a coprire l\u2019MC 4.0 in modo pi\u00f9 articolato per quanto riguarda l\u2019ambito industriale, le soluzioni domotiche e l\u2019ottimizzazione energetica. Con uno sguardo al futuro in ottica di ulteriore allargamento della rete ad altri soggetti, poco prima della fine del progetto \u00e8 stato costituito un tavolo di confronto con gli stakeholder. In termini di offerta ai territori, la rete transfrontaliera si concretizza nella messa in condivisione di molteplici supporti disponibili a chi ne avesse bisogno in modo open nelle sezioni <a href=\"https:\/\/it.mc40-platform.eu\/\">supporti e skills<\/a> della piattaforma MC 4.0.<\/p>\n","protected":false},"excerpt":{"rendered":"<p>I risultati del progetto sono qui presentati per work package (WP) e per milestone (M) in modo da renderne organica e comprensibile l\u2019illustrazione. I risultati sono riportati nella forma di &#8230; <a title=\"Risultati\" class=\"read-more\" href=\"https:\/\/www.mc40.eu\/index.php\/risultati\/\" aria-label=\"Read more about Risultati\">Read more<\/a><\/p>\n","protected":false},"author":5,"featured_media":0,"parent":0,"menu_order":4,"comment_status":"closed","ping_status":"closed","template":"","meta":{"footnotes":""},"class_list":["post-422","page","type-page","status-publish"],"_links":{"self":[{"href":"https:\/\/www.mc40.eu\/index.php\/wp-json\/wp\/v2\/pages\/422","targetHints":{"allow":["GET"]}}],"collection":[{"href":"https:\/\/www.mc40.eu\/index.php\/wp-json\/wp\/v2\/pages"}],"about":[{"href":"https:\/\/www.mc40.eu\/index.php\/wp-json\/wp\/v2\/types\/page"}],"author":[{"embeddable":true,"href":"https:\/\/www.mc40.eu\/index.php\/wp-json\/wp\/v2\/users\/5"}],"replies":[{"embeddable":true,"href":"https:\/\/www.mc40.eu\/index.php\/wp-json\/wp\/v2\/comments?post=422"}],"version-history":[{"count":51,"href":"https:\/\/www.mc40.eu\/index.php\/wp-json\/wp\/v2\/pages\/422\/revisions"}],"predecessor-version":[{"id":533,"href":"https:\/\/www.mc40.eu\/index.php\/wp-json\/wp\/v2\/pages\/422\/revisions\/533"}],"wp:attachment":[{"href":"https:\/\/www.mc40.eu\/index.php\/wp-json\/wp\/v2\/media?parent=422"}],"curies":[{"name":"wp","href":"https:\/\/api.w.org\/{rel}","templated":true}]}}